{"id":344,"date":"2026-01-19T17:45:43","date_gmt":"2026-01-19T16:45:43","guid":{"rendered":"https:\/\/actionmall.act.at\/shop\/2964\/?post_type=product&#038;p=344"},"modified":"2026-01-26T10:05:08","modified_gmt":"2026-01-26T09:05:08","slug":"visionary-victories-longsleeve","status":"publish","type":"product","link":"https:\/\/actionmall.act.at\/shop\/2964\/produkt\/visionary-victories-longsleeve\/","title":{"rendered":"Visionary Victories LONGSLEEVE"},"content":{"rendered":"<p><span class=\"TextRun SCXW146181823 BCX8\" lang=\"DE-AT\" xml:lang=\"DE-AT\" data-contrast=\"none\"><span class=\"NormalTextRun SCXW146181823 BCX8\">Dieses hochwertige Longsleeve kombiniert sportliche Funktionalit\u00e4t mit modernem Design. Der leichte, atmungsaktive Stoff sorgt f\u00fcr optimalen Tragekomfort und Bewegungsfreiheit \u2013 egal ob beim Training, Laufen oder im Alltag. Dank der feuchtigkeitsregulierenden Eigenschaften bleibst du stets trocken und frisch. Die enganliegende Passform und das stylische Design machen dieses Longsleeve zu einem unverzichtbaren Basic f\u00fcr alle, die aktiv und stilbewusst unterwegs sind. Erh\u00e4ltlich in\u00a0<\/span><span class=\"NormalTextRun SCXW146181823 BCX8\">vier<\/span><span class=\"NormalTextRun SCXW146181823 BCX8\">\u00a0Farben.<\/span><\/span><span class=\"EOP SCXW146181823 BCX8\" data-ccp-props=\"{\">\u00a0<\/span><\/p>\n<p><strong><span class=\"TextRun SCXW261156749 BCX8\" lang=\"DE-AT\" xml:lang=\"DE-AT\" data-contrast=\"none\"><span class=\"NormalTextRun SCXW261156749 BCX8\">V<\/span><span class=\"NormalTextRun SCXW261156749 BCX8\">e<\/span><span class=\"NormalTextRun SCXW261156749 BCX8\">rf\u00fcgbare Gr\u00f6\u00dfen:<\/span><\/span><span class=\"TextRun SCXW261156749 BCX8\" lang=\"DE-AT\" xml:lang=\"DE-AT\" data-contrast=\"none\"><span class=\"NormalTextRun SCXW261156749 BCX8\">\u00a0XS, S, M, L, XL<\/span><\/span><\/strong><span class=\"EOP SCXW261156749 BCX8\" data-ccp-props=\"{\">\u00a0<\/span><\/p>\n<p><strong>Weitere Farben:<\/strong><img loading=\"lazy\" decoding=\"async\" class=\"alignnone size-full wp-image-362\" src=\"https:\/\/actionmall.act.at\/shop\/2964\/wp-content\/uploads\/2026\/01\/Screenshot-2026-01-19-182538-Farben.png\" alt=\"\" width=\"98\" height=\"22\" \/><\/p>\n","protected":false},"excerpt":{"rendered":"<p>Dieses hochwertige Longsleeve kombiniert sportliche Funktionalit\u00e4t mit modernem Design. Der leichte, atmungsaktive Stoff sorgt f\u00fcr optimalen Tragekomfort und Bewegungsfreiheit \u2013 egal ob beim Training, Laufen oder im Alltag. Dank der feuchtigkeitsregulierenden Eigenschaften bleibst du stets trocken und frisch. Die enganliegende Passform und das stylische Design machen dieses Longsleeve zu einem unverzichtbaren Basic f\u00fcr alle, die [&hellip;]<\/p>\n","protected":false},"featured_media":263,"template":"","meta":[],"product_cat":[],"product_tag":[],"class_list":{"0":"post-344","1":"product","2":"type-product","3":"status-publish","4":"has-post-thumbnail","7":"first","8":"instock","9":"taxable","10":"shipping-taxable","11":"purchasable","12":"product-type-simple"},"_links":{"self":[{"href":"https:\/\/actionmall.act.at\/shop\/2964\/wp-json\/wp\/v2\/product\/344"}],"collection":[{"href":"https:\/\/actionmall.act.at\/shop\/2964\/wp-json\/wp\/v2\/product"}],"about":[{"href":"https:\/\/actionmall.act.at\/shop\/2964\/wp-json\/wp\/v2\/types\/product"}],"wp:featuredmedia":[{"embeddable":true,"href":"https:\/\/actionmall.act.at\/shop\/2964\/wp-json\/wp\/v2\/media\/263"}],"wp:attachment":[{"href":"https:\/\/actionmall.act.at\/shop\/2964\/wp-json\/wp\/v2\/media?parent=344"}],"wp:term":[{"taxonomy":"product_cat","embeddable":true,"href":"https:\/\/actionmall.act.at\/shop\/2964\/wp-json\/wp\/v2\/product_cat?post=344"},{"taxonomy":"product_tag","embeddable":true,"href":"https:\/\/actionmall.act.at\/shop\/2964\/wp-json\/wp\/v2\/product_tag?post=344"}],"curies":[{"name":"wp","href":"https:\/\/api.w.org\/{rel}","templated":true}]}}