{"id":348,"date":"2026-01-19T18:02:53","date_gmt":"2026-01-19T17:02:53","guid":{"rendered":"https:\/\/actionmall.act.at\/shop\/2964\/?post_type=product&#038;p=348"},"modified":"2026-01-26T10:04:17","modified_gmt":"2026-01-26T09:04:17","slug":"passion-runners-hoodie","status":"publish","type":"product","link":"https:\/\/actionmall.act.at\/shop\/2964\/produkt\/passion-runners-hoodie\/","title":{"rendered":"PASSION RUNNERS HOODIE"},"content":{"rendered":"<p><span class=\"TextRun SCXW151734731 BCX8\" lang=\"DE-AT\" xml:lang=\"DE-AT\" data-contrast=\"none\"><span class=\"NormalTextRun SCXW151734731 BCX8\">Der<\/span><span class=\"NormalTextRun SCXW151734731 BCX8\" data-ccp-charstyle=\"apple-converted-space\" data-ccp-charstyle-defn=\"{\">\u00a0<\/span><\/span><span class=\"TextRun SCXW151734731 BCX8\" lang=\"DE-AT\" xml:lang=\"DE-AT\" data-contrast=\"none\"><span class=\"NormalTextRun SCXW151734731 BCX8\" data-ccp-charstyle=\"Strong\">Passion Runners Hoodie<\/span><\/span><span class=\"TextRun SCXW151734731 BCX8\" lang=\"DE-AT\" xml:lang=\"DE-AT\" data-contrast=\"none\"><span class=\"NormalTextRun SCXW151734731 BCX8\" data-ccp-charstyle=\"apple-converted-space\">\u00a0<\/span><span class=\"NormalTextRun SCXW151734731 BCX8\">vereint Komfort, Stil und W\u00e4rme in einem. Er ist in vier attraktiven Farben erh\u00e4ltlich und \u00fcberzeugt durch einen auff\u00e4lligen<\/span><span class=\"NormalTextRun SCXW151734731 BCX8\" data-ccp-charstyle=\"apple-converted-space\">\u00a0<\/span><\/span><span class=\"TextRun SCXW151734731 BCX8\" lang=\"DE-AT\" xml:lang=\"DE-AT\" data-contrast=\"none\"><span class=\"NormalTextRun SCXW151734731 BCX8\" data-ccp-charstyle=\"Strong\">Vordruck<\/span><\/span><span class=\"TextRun SCXW151734731 BCX8\" lang=\"DE-AT\" xml:lang=\"DE-AT\" data-contrast=\"none\"><span class=\"NormalTextRun SCXW151734731 BCX8\" data-ccp-charstyle=\"apple-converted-space\">\u00a0<\/span><span class=\"NormalTextRun SCXW151734731 BCX8\">sowie einen\u00a0<\/span><span class=\"NormalTextRun AdvancedProofingIssueV2Themed SCXW151734731 BCX8\">coolen<\/span><span class=\"NormalTextRun SCXW151734731 BCX8\" data-ccp-charstyle=\"apple-converted-space\">\u00a0<\/span><\/span><span class=\"TextRun SCXW151734731 BCX8\" lang=\"DE-AT\" xml:lang=\"DE-AT\" data-contrast=\"none\"><span class=\"NormalTextRun SCXW151734731 BCX8\" data-ccp-charstyle=\"Strong\">Backprint<\/span><\/span><span class=\"TextRun SCXW151734731 BCX8\" lang=\"DE-AT\" xml:lang=\"DE-AT\" data-contrast=\"none\"><span class=\"NormalTextRun SCXW151734731 BCX8\">, der deine Leidenschaft f\u00fcr das Laufen zum Ausdruck bringt. Mit einer gem\u00fctlichen Kapuze ausgestattet, bietet dieser Hoodie zus\u00e4tzlich Schutz an k\u00fchleren Tagen. Perfekt f\u00fcr sportliche Aktivit\u00e4ten oder l\u00e4ssige Freizeitlooks, sorgt er f\u00fcr ein angenehmes Tragegef\u00fchl und h\u00e4lt dich warm.<\/span><\/span><span class=\"EOP SCXW151734731 BCX8\" data-ccp-props=\"{\">\u00a0<\/span><\/p>\n<p><strong><span class=\"TextRun SCXW108218820 BCX8\" lang=\"DE-AT\" xml:lang=\"DE-AT\" data-contrast=\"none\"><span class=\"NormalTextRun SCXW108218820 BCX8\">Verf\u00fcgbare Gr\u00f6\u00dfen:<\/span><\/span><span class=\"TextRun SCXW108218820 BCX8\" lang=\"DE-AT\" xml:lang=\"DE-AT\" data-contrast=\"none\"><span class=\"NormalTextRun SCXW108218820 BCX8\">\u00a0XS, S, M, L, XL<\/span><\/span><\/strong><\/p>\n","protected":false},"excerpt":{"rendered":"<p>Der\u00a0Passion Runners Hoodie\u00a0vereint Komfort, Stil und W\u00e4rme in einem. Er ist in vier attraktiven Farben erh\u00e4ltlich und \u00fcberzeugt durch einen auff\u00e4lligen\u00a0Vordruck\u00a0sowie einen\u00a0coolen\u00a0Backprint, der deine Leidenschaft f\u00fcr das Laufen zum Ausdruck bringt. Mit einer gem\u00fctlichen Kapuze ausgestattet, bietet dieser Hoodie zus\u00e4tzlich Schutz an k\u00fchleren Tagen. Perfekt f\u00fcr sportliche Aktivit\u00e4ten oder l\u00e4ssige Freizeitlooks, sorgt er f\u00fcr ein [&hellip;]<\/p>\n","protected":false},"featured_media":349,"template":"","meta":[],"product_cat":[],"product_tag":[],"class_list":{"0":"post-348","1":"product","2":"type-product","3":"status-publish","4":"has-post-thumbnail","7":"first","8":"instock","9":"sale","10":"taxable","11":"shipping-taxable","12":"purchasable","13":"product-type-simple"},"_links":{"self":[{"href":"https:\/\/actionmall.act.at\/shop\/2964\/wp-json\/wp\/v2\/product\/348"}],"collection":[{"href":"https:\/\/actionmall.act.at\/shop\/2964\/wp-json\/wp\/v2\/product"}],"about":[{"href":"https:\/\/actionmall.act.at\/shop\/2964\/wp-json\/wp\/v2\/types\/product"}],"wp:featuredmedia":[{"embeddable":true,"href":"https:\/\/actionmall.act.at\/shop\/2964\/wp-json\/wp\/v2\/media\/349"}],"wp:attachment":[{"href":"https:\/\/actionmall.act.at\/shop\/2964\/wp-json\/wp\/v2\/media?parent=348"}],"wp:term":[{"taxonomy":"product_cat","embeddable":true,"href":"https:\/\/actionmall.act.at\/shop\/2964\/wp-json\/wp\/v2\/product_cat?post=348"},{"taxonomy":"product_tag","embeddable":true,"href":"https:\/\/actionmall.act.at\/shop\/2964\/wp-json\/wp\/v2\/product_tag?post=348"}],"curies":[{"name":"wp","href":"https:\/\/api.w.org\/{rel}","templated":true}]}}