{"id":351,"date":"2026-01-19T18:07:30","date_gmt":"2026-01-19T17:07:30","guid":{"rendered":"https:\/\/actionmall.act.at\/shop\/2964\/?post_type=product&#038;p=351"},"modified":"2026-01-26T10:03:59","modified_gmt":"2026-01-26T09:03:59","slug":"visionary-victories-crop-top","status":"publish","type":"product","link":"https:\/\/actionmall.act.at\/shop\/2964\/produkt\/visionary-victories-crop-top\/","title":{"rendered":"Visionary Victories CROP TOP"},"content":{"rendered":"<p><span class=\"TextRun SCXW236703242 BCX8\" lang=\"DE-AT\" xml:lang=\"DE-AT\" data-contrast=\"none\"><span class=\"NormalTextRun SCXW236703242 BCX8\">Das<\/span><span class=\"NormalTextRun SCXW236703242 BCX8\" data-ccp-charstyle=\"apple-converted-space\" data-ccp-charstyle-defn=\"{\">\u00a0<\/span><\/span><span class=\"TextRun SCXW236703242 BCX8\" lang=\"DE-AT\" xml:lang=\"DE-AT\" data-contrast=\"none\"><span class=\"NormalTextRun SpellingErrorV2Themed SCXW236703242 BCX8\" data-ccp-charstyle=\"Strong\">Visionary<\/span><span class=\"NormalTextRun SCXW236703242 BCX8\" data-ccp-charstyle=\"Strong\">\u00a0<\/span><span class=\"NormalTextRun SpellingErrorV2Themed SCXW236703242 BCX8\" data-ccp-charstyle=\"Strong\">Victories<\/span><span class=\"NormalTextRun SCXW236703242 BCX8\" data-ccp-charstyle=\"Strong\">\u00a0<\/span><span class=\"NormalTextRun SpellingErrorV2Themed SCXW236703242 BCX8\" data-ccp-charstyle=\"Strong\">Crop<\/span><span class=\"NormalTextRun SCXW236703242 BCX8\" data-ccp-charstyle=\"Strong\">\u00a0Top<\/span><\/span><span class=\"TextRun SCXW236703242 BCX8\" lang=\"DE-AT\" xml:lang=\"DE-AT\" data-contrast=\"none\"><span class=\"NormalTextRun SCXW236703242 BCX8\" data-ccp-charstyle=\"apple-converted-space\">\u00a0<\/span><span class=\"NormalTextRun SCXW236703242 BCX8\">bietet einen modernen, sportlichen Look und perfekten Tragekomfort. Es ist in Schwarz erh\u00e4ltlich und eignet sich ideal f\u00fcr aktive Tage oder l\u00e4ssige Outfits.<\/span><\/span><\/p>\n<p><strong><span class=\"TextRun SCXW48221340 BCX8\" lang=\"DE-AT\" xml:lang=\"DE-AT\" data-contrast=\"none\"><span class=\"NormalTextRun SCXW48221340 BCX8\">Verf\u00fcgbare Gr\u00f6\u00dfen:<\/span><\/span><span class=\"TextRun SCXW48221340 BCX8\" lang=\"DE-AT\" xml:lang=\"DE-AT\" data-contrast=\"none\"><span class=\"NormalTextRun SCXW48221340 BCX8\">\u00a0XS, S, M, L, XL<\/span><\/span><span class=\"EOP SCXW48221340 BCX8\" data-ccp-props=\"{\">\u00a0<\/span><\/strong><\/p>\n<p><strong>Weitere Farben:<\/strong><img loading=\"lazy\" decoding=\"async\" class=\"alignnone size-full wp-image-362\" src=\"https:\/\/actionmall.act.at\/shop\/2964\/wp-content\/uploads\/2026\/01\/Screenshot-2026-01-19-182538-Farben.png\" alt=\"\" width=\"98\" height=\"22\" \/><\/p>\n","protected":false},"excerpt":{"rendered":"<p>Das\u00a0Visionary\u00a0Victories\u00a0Crop\u00a0Top\u00a0bietet einen modernen, sportlichen Look und perfekten Tragekomfort. Es ist in Schwarz erh\u00e4ltlich und eignet sich ideal f\u00fcr aktive Tage oder l\u00e4ssige Outfits. Verf\u00fcgbare Gr\u00f6\u00dfen:\u00a0XS, S, M, L, XL\u00a0 Weitere Farben:<\/p>\n","protected":false},"featured_media":352,"template":"","meta":[],"product_cat":[],"product_tag":[],"class_list":{"0":"post-351","1":"product","2":"type-product","3":"status-publish","4":"has-post-thumbnail","7":"first","8":"instock","9":"taxable","10":"shipping-taxable","11":"purchasable","12":"product-type-simple"},"_links":{"self":[{"href":"https:\/\/actionmall.act.at\/shop\/2964\/wp-json\/wp\/v2\/product\/351"}],"collection":[{"href":"https:\/\/actionmall.act.at\/shop\/2964\/wp-json\/wp\/v2\/product"}],"about":[{"href":"https:\/\/actionmall.act.at\/shop\/2964\/wp-json\/wp\/v2\/types\/product"}],"wp:featuredmedia":[{"embeddable":true,"href":"https:\/\/actionmall.act.at\/shop\/2964\/wp-json\/wp\/v2\/media\/352"}],"wp:attachment":[{"href":"https:\/\/actionmall.act.at\/shop\/2964\/wp-json\/wp\/v2\/media?parent=351"}],"wp:term":[{"taxonomy":"product_cat","embeddable":true,"href":"https:\/\/actionmall.act.at\/shop\/2964\/wp-json\/wp\/v2\/product_cat?post=351"},{"taxonomy":"product_tag","embeddable":true,"href":"https:\/\/actionmall.act.at\/shop\/2964\/wp-json\/wp\/v2\/product_tag?post=351"}],"curies":[{"name":"wp","href":"https:\/\/api.w.org\/{rel}","templated":true}]}}