{"id":357,"date":"2026-01-19T18:19:06","date_gmt":"2026-01-19T17:19:06","guid":{"rendered":"https:\/\/actionmall.act.at\/shop\/2964\/?post_type=product&#038;p=357"},"modified":"2026-01-26T10:02:47","modified_gmt":"2026-01-26T09:02:47","slug":"schlauchschal","status":"publish","type":"product","link":"https:\/\/actionmall.act.at\/shop\/2964\/produkt\/schlauchschal\/","title":{"rendered":"SCHLAUCHSCHAL"},"content":{"rendered":"<p><span class=\"TextRun SCXW208100270 BCX8\" lang=\"DE-AT\" xml:lang=\"DE-AT\" data-contrast=\"none\"><span class=\"NormalTextRun SCXW208100270 BCX8\">Der<\/span><span class=\"NormalTextRun SCXW208100270 BCX8\" data-ccp-charstyle=\"apple-converted-space\" data-ccp-charstyle-defn=\"{\">\u00a0<\/span><\/span><span class=\"TextRun SCXW208100270 BCX8\" lang=\"DE-AT\" xml:lang=\"DE-AT\" data-contrast=\"auto\"><span class=\"NormalTextRun SpellingErrorV2Themed SCXW208100270 BCX8\">Visionary<\/span><span class=\"NormalTextRun SCXW208100270 BCX8\">\u00a0<\/span><span class=\"NormalTextRun SpellingErrorV2Themed SCXW208100270 BCX8\">Victories<\/span><span class=\"NormalTextRun SCXW208100270 BCX8\">\u00a0Schlauchschal<\/span><\/span><span class=\"TextRun SCXW208100270 BCX8\" lang=\"DE-AT\" xml:lang=\"DE-AT\" data-contrast=\"none\"><span class=\"NormalTextRun SCXW208100270 BCX8\" data-ccp-charstyle=\"apple-converted-space\">\u00a0i<\/span><span class=\"NormalTextRun SCXW208100270 BCX8\">st das perfekte Accessoire f\u00fcr k\u00fchle Temperaturen. In einer eleganten Farbe gehalten, l\u00e4sst er sich m\u00fchelos anziehen und sorgt f\u00fcr W\u00e4rme und Komfort bei jeder Bewegung. Ideal f\u00fcr Sportler oder alle, die auf der Suche nach einem praktischen, stilvollen Begleiter sind.<\/span><\/span><span class=\"EOP SCXW208100270 BCX8\" data-ccp-props=\"{\">\u00a0<\/span><\/p>\n<p><strong><span class=\"TextRun SCXW87331496 BCX8\" lang=\"DE-AT\" xml:lang=\"DE-AT\" data-contrast=\"none\"><span class=\"NormalTextRun SCXW87331496 BCX8\">Verf\u00fcgbare Gr\u00f6\u00dfen:<\/span><\/span><span class=\"TextRun SCXW87331496 BCX8\" lang=\"DE-AT\" xml:lang=\"DE-AT\" data-contrast=\"none\"><span class=\"NormalTextRun SCXW87331496 BCX8\">\u00a0Einheitsgr\u00f6\u00dfe<\/span><\/span><span class=\"EOP SCXW87331496 BCX8\" data-ccp-props=\"{\">\u00a0<\/span><\/strong><\/p>\n","protected":false},"excerpt":{"rendered":"<p>Der\u00a0Visionary\u00a0Victories\u00a0Schlauchschal\u00a0ist das perfekte Accessoire f\u00fcr k\u00fchle Temperaturen. In einer eleganten Farbe gehalten, l\u00e4sst er sich m\u00fchelos anziehen und sorgt f\u00fcr W\u00e4rme und Komfort bei jeder Bewegung. Ideal f\u00fcr Sportler oder alle, die auf der Suche nach einem praktischen, stilvollen Begleiter sind.\u00a0 Verf\u00fcgbare Gr\u00f6\u00dfen:\u00a0Einheitsgr\u00f6\u00dfe\u00a0<\/p>\n","protected":false},"featured_media":297,"template":"","meta":[],"product_cat":[],"product_tag":[],"class_list":{"0":"post-357","1":"product","2":"type-product","3":"status-publish","4":"has-post-thumbnail","7":"first","8":"instock","9":"taxable","10":"shipping-taxable","11":"purchasable","12":"product-type-simple"},"_links":{"self":[{"href":"https:\/\/actionmall.act.at\/shop\/2964\/wp-json\/wp\/v2\/product\/357"}],"collection":[{"href":"https:\/\/actionmall.act.at\/shop\/2964\/wp-json\/wp\/v2\/product"}],"about":[{"href":"https:\/\/actionmall.act.at\/shop\/2964\/wp-json\/wp\/v2\/types\/product"}],"wp:featuredmedia":[{"embeddable":true,"href":"https:\/\/actionmall.act.at\/shop\/2964\/wp-json\/wp\/v2\/media\/297"}],"wp:attachment":[{"href":"https:\/\/actionmall.act.at\/shop\/2964\/wp-json\/wp\/v2\/media?parent=357"}],"wp:term":[{"taxonomy":"product_cat","embeddable":true,"href":"https:\/\/actionmall.act.at\/shop\/2964\/wp-json\/wp\/v2\/product_cat?post=357"},{"taxonomy":"product_tag","embeddable":true,"href":"https:\/\/actionmall.act.at\/shop\/2964\/wp-json\/wp\/v2\/product_tag?post=357"}],"curies":[{"name":"wp","href":"https:\/\/api.w.org\/{rel}","templated":true}]}}