{"id":361,"date":"2026-01-19T18:26:28","date_gmt":"2026-01-19T17:26:28","guid":{"rendered":"https:\/\/actionmall.act.at\/shop\/2964\/?post_type=product&#038;p=361"},"modified":"2026-01-26T10:02:11","modified_gmt":"2026-01-26T09:02:11","slug":"turnbeutel","status":"publish","type":"product","link":"https:\/\/actionmall.act.at\/shop\/2964\/produkt\/turnbeutel\/","title":{"rendered":"TURNBEUTEL"},"content":{"rendered":"<p><span class=\"TextRun SCXW32510964 BCX8\" lang=\"DE-AT\" xml:lang=\"DE-AT\" data-contrast=\"none\"><span class=\"NormalTextRun SCXW32510964 BCX8\">Unser<\/span><span class=\"NormalTextRun SCXW32510964 BCX8\" data-ccp-charstyle=\"apple-converted-space\" data-ccp-charstyle-defn=\"{\">\u00a0<\/span><\/span><span class=\"TextRun SCXW32510964 BCX8\" lang=\"DE-AT\" xml:lang=\"DE-AT\" data-contrast=\"auto\"><span class=\"NormalTextRun SpellingErrorV2Themed SCXW32510964 BCX8\">Visionary<\/span><span class=\"NormalTextRun SCXW32510964 BCX8\">\u00a0<\/span><span class=\"NormalTextRun SpellingErrorV2Themed SCXW32510964 BCX8\">Victories<\/span><span class=\"NormalTextRun SCXW32510964 BCX8\">\u00a0Turnbeutel<\/span><\/span><span class=\"TextRun SCXW32510964 BCX8\" lang=\"DE-AT\" xml:lang=\"DE-AT\" data-contrast=\"none\"><span class=\"NormalTextRun SCXW32510964 BCX8\" data-ccp-charstyle=\"apple-converted-space\">\u00a0<\/span><span class=\"NormalTextRun SCXW32510964 BCX8\">aus robustem Canvas-Material kombiniert Funktionalit\u00e4t mit einem trendigen Design. Er bietet ausreichend Platz f\u00fcr deine Sport- oder Alltagutensilien und ist dank der stabilen Tr\u00e4ger bequem zu tragen.<\/span><\/span><span class=\"EOP SCXW32510964 BCX8\" data-ccp-props=\"{\">\u00a0<\/span><\/p>\n<p><strong>Weitere Farben:<\/strong> <img loading=\"lazy\" decoding=\"async\" class=\"alignnone size-full wp-image-362\" src=\"https:\/\/actionmall.act.at\/shop\/2964\/wp-content\/uploads\/2026\/01\/Screenshot-2026-01-19-182538-Farben.png\" alt=\"\" width=\"98\" height=\"22\" \/><\/p>\n","protected":false},"excerpt":{"rendered":"<p>Unser\u00a0Visionary\u00a0Victories\u00a0Turnbeutel\u00a0aus robustem Canvas-Material kombiniert Funktionalit\u00e4t mit einem trendigen Design. Er bietet ausreichend Platz f\u00fcr deine Sport- oder Alltagutensilien und ist dank der stabilen Tr\u00e4ger bequem zu tragen.\u00a0 Weitere Farben:<\/p>\n","protected":false},"featured_media":303,"template":"","meta":[],"product_cat":[],"product_tag":[],"class_list":{"0":"post-361","1":"product","2":"type-product","3":"status-publish","4":"has-post-thumbnail","7":"first","8":"instock","9":"taxable","10":"shipping-taxable","11":"purchasable","12":"product-type-simple"},"_links":{"self":[{"href":"https:\/\/actionmall.act.at\/shop\/2964\/wp-json\/wp\/v2\/product\/361"}],"collection":[{"href":"https:\/\/actionmall.act.at\/shop\/2964\/wp-json\/wp\/v2\/product"}],"about":[{"href":"https:\/\/actionmall.act.at\/shop\/2964\/wp-json\/wp\/v2\/types\/product"}],"wp:featuredmedia":[{"embeddable":true,"href":"https:\/\/actionmall.act.at\/shop\/2964\/wp-json\/wp\/v2\/media\/303"}],"wp:attachment":[{"href":"https:\/\/actionmall.act.at\/shop\/2964\/wp-json\/wp\/v2\/media?parent=361"}],"wp:term":[{"taxonomy":"product_cat","embeddable":true,"href":"https:\/\/actionmall.act.at\/shop\/2964\/wp-json\/wp\/v2\/product_cat?post=361"},{"taxonomy":"product_tag","embeddable":true,"href":"https:\/\/actionmall.act.at\/shop\/2964\/wp-json\/wp\/v2\/product_tag?post=361"}],"curies":[{"name":"wp","href":"https:\/\/api.w.org\/{rel}","templated":true}]}}