{"id":364,"date":"2026-01-19T18:37:45","date_gmt":"2026-01-19T17:37:45","guid":{"rendered":"https:\/\/actionmall.act.at\/shop\/2964\/?post_type=product&#038;p=364"},"modified":"2026-01-26T10:01:49","modified_gmt":"2026-01-26T09:01:49","slug":"thermoflasche-700ml","status":"publish","type":"product","link":"https:\/\/actionmall.act.at\/shop\/2964\/produkt\/thermoflasche-700ml\/","title":{"rendered":"THERMOFLASCHE (700ml)"},"content":{"rendered":"<p><span class=\"TextRun SCXW209537854 BCX8\" lang=\"DE-AT\" xml:lang=\"DE-AT\" data-contrast=\"none\"><span class=\"NormalTextRun SCXW209537854 BCX8\">Die<\/span><span class=\"NormalTextRun SCXW209537854 BCX8\" data-ccp-charstyle=\"apple-converted-space\" data-ccp-charstyle-defn=\"{\">\u00a0<\/span><\/span><span class=\"TextRun SCXW209537854 BCX8\" lang=\"DE-AT\" xml:lang=\"DE-AT\" data-contrast=\"none\"><span class=\"NormalTextRun SpellingErrorV2Themed SCXW209537854 BCX8\" data-ccp-charstyle=\"Strong\">Visionary<\/span><span class=\"NormalTextRun SCXW209537854 BCX8\" data-ccp-charstyle=\"Strong\">\u00a0<\/span><span class=\"NormalTextRun SpellingErrorV2Themed SCXW209537854 BCX8\" data-ccp-charstyle=\"Strong\">Victories<\/span><span class=\"NormalTextRun SCXW209537854 BCX8\" data-ccp-charstyle=\"Strong\">\u00a0Thermosflasche<\/span><\/span><span class=\"TextRun SCXW209537854 BCX8\" lang=\"DE-AT\" xml:lang=\"DE-AT\" data-contrast=\"none\"><span class=\"NormalTextRun SCXW209537854 BCX8\" data-ccp-charstyle=\"apple-converted-space\">\u00a0<\/span><span class=\"NormalTextRun SCXW209537854 BCX8\">mit 750 ml Fassungsverm\u00f6gen h\u00e4lt deine Getr\u00e4nke bis zu 12 Stunden warm oder kalt. Mit ihrem isolierten Design sorgt sie f\u00fcr langanhaltende Temperaturkontrolle und ist der perfekte Begleiter f\u00fcr Sport, Arbeit oder unterwegs. Hergestellt aus robustem Material, bietet sie sowohl Funktionalit\u00e4t als auch Stil.<\/span><\/span><span class=\"EOP SCXW209537854 BCX8\" data-ccp-props=\"{\">\u00a0<\/span><\/p>\n","protected":false},"excerpt":{"rendered":"<p>Die\u00a0Visionary\u00a0Victories\u00a0Thermosflasche\u00a0mit 750 ml Fassungsverm\u00f6gen h\u00e4lt deine Getr\u00e4nke bis zu 12 Stunden warm oder kalt. Mit ihrem isolierten Design sorgt sie f\u00fcr langanhaltende Temperaturkontrolle und ist der perfekte Begleiter f\u00fcr Sport, Arbeit oder unterwegs. Hergestellt aus robustem Material, bietet sie sowohl Funktionalit\u00e4t als auch Stil.\u00a0<\/p>\n","protected":false},"featured_media":365,"template":"","meta":[],"product_cat":[],"product_tag":[],"class_list":{"0":"post-364","1":"product","2":"type-product","3":"status-publish","4":"has-post-thumbnail","7":"first","8":"instock","9":"taxable","10":"shipping-taxable","11":"purchasable","12":"product-type-simple"},"_links":{"self":[{"href":"https:\/\/actionmall.act.at\/shop\/2964\/wp-json\/wp\/v2\/product\/364"}],"collection":[{"href":"https:\/\/actionmall.act.at\/shop\/2964\/wp-json\/wp\/v2\/product"}],"about":[{"href":"https:\/\/actionmall.act.at\/shop\/2964\/wp-json\/wp\/v2\/types\/product"}],"wp:featuredmedia":[{"embeddable":true,"href":"https:\/\/actionmall.act.at\/shop\/2964\/wp-json\/wp\/v2\/media\/365"}],"wp:attachment":[{"href":"https:\/\/actionmall.act.at\/shop\/2964\/wp-json\/wp\/v2\/media?parent=364"}],"wp:term":[{"taxonomy":"product_cat","embeddable":true,"href":"https:\/\/actionmall.act.at\/shop\/2964\/wp-json\/wp\/v2\/product_cat?post=364"},{"taxonomy":"product_tag","embeddable":true,"href":"https:\/\/actionmall.act.at\/shop\/2964\/wp-json\/wp\/v2\/product_tag?post=364"}],"curies":[{"name":"wp","href":"https:\/\/api.w.org\/{rel}","templated":true}]}}