{"id":366,"date":"2026-01-19T18:39:34","date_gmt":"2026-01-19T17:39:34","guid":{"rendered":"https:\/\/actionmall.act.at\/shop\/2964\/?post_type=product&#038;p=366"},"modified":"2026-01-26T10:01:20","modified_gmt":"2026-01-26T09:01:20","slug":"trinkflasche-400ml","status":"publish","type":"product","link":"https:\/\/actionmall.act.at\/shop\/2964\/produkt\/trinkflasche-400ml\/","title":{"rendered":"TRINKFLASCHE (400ml)"},"content":{"rendered":"<p><span class=\"TextRun SCXW226184448 BCX8\" lang=\"DE-AT\" xml:lang=\"DE-AT\" data-contrast=\"none\"><span class=\"NormalTextRun SCXW226184448 BCX8\">Die<\/span><span class=\"NormalTextRun SCXW226184448 BCX8\" data-ccp-charstyle=\"apple-converted-space\" data-ccp-charstyle-defn=\"{\">\u00a0<\/span><\/span><span class=\"TextRun SCXW226184448 BCX8\" lang=\"DE-AT\" xml:lang=\"DE-AT\" data-contrast=\"none\"><span class=\"NormalTextRun SpellingErrorV2Themed SCXW226184448 BCX8\" data-ccp-charstyle=\"Strong\">Visionary<\/span><span class=\"NormalTextRun SCXW226184448 BCX8\" data-ccp-charstyle=\"Strong\">\u00a0<\/span><span class=\"NormalTextRun SpellingErrorV2Themed SCXW226184448 BCX8\" data-ccp-charstyle=\"Strong\">Victories<\/span><span class=\"NormalTextRun SCXW226184448 BCX8\" data-ccp-charstyle=\"Strong\">\u00a0Trinkflasche<\/span><\/span><span class=\"TextRun SCXW226184448 BCX8\" lang=\"DE-AT\" xml:lang=\"DE-AT\" data-contrast=\"none\"><span class=\"NormalTextRun SCXW226184448 BCX8\" data-ccp-charstyle=\"apple-converted-space\">\u00a0<\/span><span class=\"NormalTextRun SCXW226184448 BCX8\">mit 400 ml Fassungsverm\u00f6gen ist kompakt und praktisch. Sie eignet sich ideal f\u00fcr den t\u00e4glichen Gebrauch, sei es beim Sport oder unterwegs. Mit ihrem funktionalen Design h\u00e4lt sie deine Getr\u00e4nke frisch und ist leicht zu transportieren.<\/span><\/span><span class=\"EOP SCXW226184448 BCX8\" data-ccp-props=\"{\">\u00a0<\/span><\/p>\n","protected":false},"excerpt":{"rendered":"<p>Die\u00a0Visionary\u00a0Victories\u00a0Trinkflasche\u00a0mit 400 ml Fassungsverm\u00f6gen ist kompakt und praktisch. Sie eignet sich ideal f\u00fcr den t\u00e4glichen Gebrauch, sei es beim Sport oder unterwegs. Mit ihrem funktionalen Design h\u00e4lt sie deine Getr\u00e4nke frisch und ist leicht zu transportieren.\u00a0<\/p>\n","protected":false},"featured_media":305,"template":"","meta":[],"product_cat":[],"product_tag":[],"class_list":{"0":"post-366","1":"product","2":"type-product","3":"status-publish","4":"has-post-thumbnail","7":"first","8":"instock","9":"taxable","10":"shipping-taxable","11":"purchasable","12":"product-type-simple"},"_links":{"self":[{"href":"https:\/\/actionmall.act.at\/shop\/2964\/wp-json\/wp\/v2\/product\/366"}],"collection":[{"href":"https:\/\/actionmall.act.at\/shop\/2964\/wp-json\/wp\/v2\/product"}],"about":[{"href":"https:\/\/actionmall.act.at\/shop\/2964\/wp-json\/wp\/v2\/types\/product"}],"wp:featuredmedia":[{"embeddable":true,"href":"https:\/\/actionmall.act.at\/shop\/2964\/wp-json\/wp\/v2\/media\/305"}],"wp:attachment":[{"href":"https:\/\/actionmall.act.at\/shop\/2964\/wp-json\/wp\/v2\/media?parent=366"}],"wp:term":[{"taxonomy":"product_cat","embeddable":true,"href":"https:\/\/actionmall.act.at\/shop\/2964\/wp-json\/wp\/v2\/product_cat?post=366"},{"taxonomy":"product_tag","embeddable":true,"href":"https:\/\/actionmall.act.at\/shop\/2964\/wp-json\/wp\/v2\/product_tag?post=366"}],"curies":[{"name":"wp","href":"https:\/\/api.w.org\/{rel}","templated":true}]}}