{"id":371,"date":"2026-01-26T10:15:00","date_gmt":"2026-01-26T09:15:00","guid":{"rendered":"https:\/\/actionmall.act.at\/shop\/2964\/?post_type=product&#038;p=371"},"modified":"2026-02-06T11:42:29","modified_gmt":"2026-02-06T10:42:29","slug":"sweatshirt","status":"publish","type":"product","link":"https:\/\/actionmall.act.at\/shop\/2964\/produkt\/sweatshirt\/","title":{"rendered":"Sweatshirt"},"content":{"rendered":"<p><span data-contrast=\"none\">Unser<\/span> <span data-contrast=\"none\">Sweatshirt <\/span><span data-contrast=\"none\">in hellen Rosa mit einem exklusiven <\/span><span data-contrast=\"none\">Valentinstagsaufdruck<\/span><span data-contrast=\"none\"> kombiniert sportlichen Stil mit einer romantischen Note. Aus robustem Nylon gefertigt, bietet es sowohl Komfort als auch Langlebigkeit. Das bedruckte Design macht es zu einem besonderen St\u00fcck, das ideal f\u00fcr Sportliebhaber ist, die den Valentinstag auf ihre eigene, aktive Weise feiern m\u00f6chten.<\/span><span data-ccp-props=\"{\">\u00a0<\/span><\/p>\n<p><strong>(limited Editon)<\/strong><\/p>\n<p><b><span data-contrast=\"none\">Verf\u00fcgbare Gr\u00f6\u00dfen:<\/span><\/b><span data-contrast=\"none\"> XS, S, M, L, XL<\/span><span data-ccp-props=\"{\">\u00a0<\/span><\/p>\n","protected":false},"excerpt":{"rendered":"<p>Unser Sweatshirt in hellen Rosa mit einem exklusiven Valentinstagsaufdruck kombiniert sportlichen Stil mit einer romantischen Note. Aus robustem Nylon gefertigt, bietet es sowohl Komfort als auch Langlebigkeit. Das bedruckte Design macht es zu einem besonderen St\u00fcck, das ideal f\u00fcr Sportliebhaber ist, die den Valentinstag auf ihre eigene, aktive Weise feiern m\u00f6chten.\u00a0 (limited Editon) Verf\u00fcgbare Gr\u00f6\u00dfen: [&hellip;]<\/p>\n","protected":false},"featured_media":372,"template":"","meta":[],"product_cat":[],"product_tag":[],"class_list":{"0":"post-371","1":"product","2":"type-product","3":"status-publish","4":"has-post-thumbnail","7":"first","8":"instock","9":"sale","10":"taxable","11":"shipping-taxable","12":"purchasable","13":"product-type-simple"},"_links":{"self":[{"href":"https:\/\/actionmall.act.at\/shop\/2964\/wp-json\/wp\/v2\/product\/371"}],"collection":[{"href":"https:\/\/actionmall.act.at\/shop\/2964\/wp-json\/wp\/v2\/product"}],"about":[{"href":"https:\/\/actionmall.act.at\/shop\/2964\/wp-json\/wp\/v2\/types\/product"}],"wp:featuredmedia":[{"embeddable":true,"href":"https:\/\/actionmall.act.at\/shop\/2964\/wp-json\/wp\/v2\/media\/372"}],"wp:attachment":[{"href":"https:\/\/actionmall.act.at\/shop\/2964\/wp-json\/wp\/v2\/media?parent=371"}],"wp:term":[{"taxonomy":"product_cat","embeddable":true,"href":"https:\/\/actionmall.act.at\/shop\/2964\/wp-json\/wp\/v2\/product_cat?post=371"},{"taxonomy":"product_tag","embeddable":true,"href":"https:\/\/actionmall.act.at\/shop\/2964\/wp-json\/wp\/v2\/product_tag?post=371"}],"curies":[{"name":"wp","href":"https:\/\/api.w.org\/{rel}","templated":true}]}}