{"id":373,"date":"2026-01-26T10:16:46","date_gmt":"2026-01-26T09:16:46","guid":{"rendered":"https:\/\/actionmall.act.at\/shop\/2964\/?post_type=product&#038;p=373"},"modified":"2026-02-06T11:43:20","modified_gmt":"2026-02-06T10:43:20","slug":"personalisierte-trinkflasche","status":"publish","type":"product","link":"https:\/\/actionmall.act.at\/shop\/2964\/produkt\/personalisierte-trinkflasche\/","title":{"rendered":"Personalisierte Trinkflasche (Valentdienstag limited Edition)"},"content":{"rendered":"<p><span data-contrast=\"none\">Die <\/span><b><span data-contrast=\"none\">personalisierte Valentinstags-Trinkflasche<\/span><\/b><span data-contrast=\"none\"> in limitierter Auflage ist das perfekte Geschenk f\u00fcr Sportliebhaber. Mit einem exklusiven Valentinstags-Design und der M\u00f6glichkeit, deinen Namen oder eine pers\u00f6nliche Nachricht hinzuzuf\u00fcgen, wird sie zu einem einzigartigen Accessoire. Hergestellt aus hochwertigem Material, h\u00e4lt sie deine Getr\u00e4nke \u00fcber Stunden warm oder kalt.<\/span><span data-ccp-props=\"{\">\u00a0<\/span><\/p>\n<p>&nbsp;<\/p>\n","protected":false},"excerpt":{"rendered":"<p>Die personalisierte Valentinstags-Trinkflasche in limitierter Auflage ist das perfekte Geschenk f\u00fcr Sportliebhaber. Mit einem exklusiven Valentinstags-Design und der M\u00f6glichkeit, deinen Namen oder eine pers\u00f6nliche Nachricht hinzuzuf\u00fcgen, wird sie zu einem einzigartigen Accessoire. Hergestellt aus hochwertigem Material, h\u00e4lt sie deine Getr\u00e4nke \u00fcber Stunden warm oder kalt.\u00a0 &nbsp;<\/p>\n","protected":false},"featured_media":374,"template":"","meta":[],"product_cat":[],"product_tag":[],"class_list":{"0":"post-373","1":"product","2":"type-product","3":"status-publish","4":"has-post-thumbnail","7":"first","8":"instock","9":"sale","10":"taxable","11":"shipping-taxable","12":"purchasable","13":"product-type-simple"},"_links":{"self":[{"href":"https:\/\/actionmall.act.at\/shop\/2964\/wp-json\/wp\/v2\/product\/373"}],"collection":[{"href":"https:\/\/actionmall.act.at\/shop\/2964\/wp-json\/wp\/v2\/product"}],"about":[{"href":"https:\/\/actionmall.act.at\/shop\/2964\/wp-json\/wp\/v2\/types\/product"}],"wp:featuredmedia":[{"embeddable":true,"href":"https:\/\/actionmall.act.at\/shop\/2964\/wp-json\/wp\/v2\/media\/374"}],"wp:attachment":[{"href":"https:\/\/actionmall.act.at\/shop\/2964\/wp-json\/wp\/v2\/media?parent=373"}],"wp:term":[{"taxonomy":"product_cat","embeddable":true,"href":"https:\/\/actionmall.act.at\/shop\/2964\/wp-json\/wp\/v2\/product_cat?post=373"},{"taxonomy":"product_tag","embeddable":true,"href":"https:\/\/actionmall.act.at\/shop\/2964\/wp-json\/wp\/v2\/product_tag?post=373"}],"curies":[{"name":"wp","href":"https:\/\/api.w.org\/{rel}","templated":true}]}}