{"id":375,"date":"2026-01-26T10:18:27","date_gmt":"2026-01-26T09:18:27","guid":{"rendered":"https:\/\/actionmall.act.at\/shop\/2964\/?post_type=product&#038;p=375"},"modified":"2026-01-26T10:18:27","modified_gmt":"2026-01-26T09:18:27","slug":"yoga-matten-set-8stueck","status":"publish","type":"product","link":"https:\/\/actionmall.act.at\/shop\/2964\/produkt\/yoga-matten-set-8stueck\/","title":{"rendered":"Yoga-Matten Set (8St\u00fcck)"},"content":{"rendered":"<p><span data-contrast=\"none\">Das <\/span><span data-contrast=\"none\">Yoga Matten Set<\/span><span data-contrast=\"none\"> besteht aus 8 hochwertigen Matten in diversen Farben und bietet dir alles, was du f\u00fcr dein perfektes Yoga-Erlebnis ben\u00f6tigst. Jede Matte ist aus rutschfestem, langlebigem Material gefertigt und sorgt f\u00fcr Komfort und Stabilit\u00e4t bei jeder \u00dcbung.<\/span><span data-ccp-props=\"{\"335551550\":6,\"335551620\":6,\"335559738\":120}\">\u00a0<\/span><\/p>\n","protected":false},"excerpt":{"rendered":"<p>Das Yoga Matten Set besteht aus 8 hochwertigen Matten in diversen Farben und bietet dir alles, was du f\u00fcr dein perfektes Yoga-Erlebnis ben\u00f6tigst. Jede Matte ist aus rutschfestem, langlebigem Material gefertigt und sorgt f\u00fcr Komfort und Stabilit\u00e4t bei jeder \u00dcbung.\u00a0<\/p>\n","protected":false},"featured_media":376,"template":"","meta":[],"product_cat":[],"product_tag":[],"class_list":{"0":"post-375","1":"product","2":"type-product","3":"status-publish","4":"has-post-thumbnail","7":"first","8":"instock","9":"taxable","10":"shipping-taxable","11":"purchasable","12":"product-type-simple"},"_links":{"self":[{"href":"https:\/\/actionmall.act.at\/shop\/2964\/wp-json\/wp\/v2\/product\/375"}],"collection":[{"href":"https:\/\/actionmall.act.at\/shop\/2964\/wp-json\/wp\/v2\/product"}],"about":[{"href":"https:\/\/actionmall.act.at\/shop\/2964\/wp-json\/wp\/v2\/types\/product"}],"wp:featuredmedia":[{"embeddable":true,"href":"https:\/\/actionmall.act.at\/shop\/2964\/wp-json\/wp\/v2\/media\/376"}],"wp:attachment":[{"href":"https:\/\/actionmall.act.at\/shop\/2964\/wp-json\/wp\/v2\/media?parent=375"}],"wp:term":[{"taxonomy":"product_cat","embeddable":true,"href":"https:\/\/actionmall.act.at\/shop\/2964\/wp-json\/wp\/v2\/product_cat?post=375"},{"taxonomy":"product_tag","embeddable":true,"href":"https:\/\/actionmall.act.at\/shop\/2964\/wp-json\/wp\/v2\/product_tag?post=375"}],"curies":[{"name":"wp","href":"https:\/\/api.w.org\/{rel}","templated":true}]}}