{"id":377,"date":"2026-01-26T10:21:43","date_gmt":"2026-01-26T09:21:43","guid":{"rendered":"https:\/\/actionmall.act.at\/shop\/2964\/?post_type=product&#038;p=377"},"modified":"2026-01-26T10:21:43","modified_gmt":"2026-01-26T09:21:43","slug":"sportjacke-damen","status":"publish","type":"product","link":"https:\/\/actionmall.act.at\/shop\/2964\/produkt\/sportjacke-damen\/","title":{"rendered":"Sportjacke Damen"},"content":{"rendered":"<p><span data-contrast=\"none\">Unsere <\/span><span data-contrast=\"none\">Visionary Victories Sportjacke f\u00fcr Damen<\/span><span data-contrast=\"none\"> in der limitierten <\/span><span data-contrast=\"none\">Valentinstags-Edition<\/span><span data-contrast=\"none\"> kombiniert modernen Stil mit erstklassiger Funktionalit\u00e4t. Das atmungsaktive, hochwertige Material sorgt f\u00fcr ein angenehmes Tragegef\u00fchl und optimale Flexibilit\u00e4t bei jeder Bewegung. Mit ihrem einzigartigen Valentinstags-Design ist sie das ideale Geschenk f\u00fcr sportliche Frauen und perfekt f\u00fcr dein Training oder entspannte Momente.<\/span><span data-ccp-props=\"{\"335551550\":6,\"335551620\":6,\"335559738\":120}\">\u00a0<\/span><\/p>\n<p><b><span data-contrast=\"none\">Verf\u00fcgbare Gr\u00f6\u00dfen:<\/span><\/b><span data-contrast=\"none\"> XS, S, M, L, XL<\/span><span data-ccp-props=\"{\"335551550\":6,\"335551620\":6,\"335559738\":120}\">\u00a0<\/span><\/p>\n","protected":false},"excerpt":{"rendered":"<p>Unsere Visionary Victories Sportjacke f\u00fcr Damen in der limitierten Valentinstags-Edition kombiniert modernen Stil mit erstklassiger Funktionalit\u00e4t. Das atmungsaktive, hochwertige Material sorgt f\u00fcr ein angenehmes Tragegef\u00fchl und optimale Flexibilit\u00e4t bei jeder Bewegung. Mit ihrem einzigartigen Valentinstags-Design ist sie das ideale Geschenk f\u00fcr sportliche Frauen und perfekt f\u00fcr dein Training oder entspannte Momente.\u00a0 Verf\u00fcgbare Gr\u00f6\u00dfen: XS, S, [&hellip;]<\/p>\n","protected":false},"featured_media":378,"template":"","meta":[],"product_cat":[],"product_tag":[],"class_list":{"0":"post-377","1":"product","2":"type-product","3":"status-publish","4":"has-post-thumbnail","7":"first","8":"instock","9":"taxable","10":"shipping-taxable","11":"product-type-simple"},"_links":{"self":[{"href":"https:\/\/actionmall.act.at\/shop\/2964\/wp-json\/wp\/v2\/product\/377"}],"collection":[{"href":"https:\/\/actionmall.act.at\/shop\/2964\/wp-json\/wp\/v2\/product"}],"about":[{"href":"https:\/\/actionmall.act.at\/shop\/2964\/wp-json\/wp\/v2\/types\/product"}],"wp:featuredmedia":[{"embeddable":true,"href":"https:\/\/actionmall.act.at\/shop\/2964\/wp-json\/wp\/v2\/media\/378"}],"wp:attachment":[{"href":"https:\/\/actionmall.act.at\/shop\/2964\/wp-json\/wp\/v2\/media?parent=377"}],"wp:term":[{"taxonomy":"product_cat","embeddable":true,"href":"https:\/\/actionmall.act.at\/shop\/2964\/wp-json\/wp\/v2\/product_cat?post=377"},{"taxonomy":"product_tag","embeddable":true,"href":"https:\/\/actionmall.act.at\/shop\/2964\/wp-json\/wp\/v2\/product_tag?post=377"}],"curies":[{"name":"wp","href":"https:\/\/api.w.org\/{rel}","templated":true}]}}