{"id":433,"date":"2025-03-29T13:23:21","date_gmt":"2025-03-29T12:23:21","guid":{"rendered":"https:\/\/actionmall.act.at\/shop\/2969\/?post_type=product&#038;p=433"},"modified":"2025-06-14T11:42:13","modified_gmt":"2025-06-14T09:42:13","slug":"apple-pencil-pro","status":"publish","type":"product","link":"https:\/\/actionmall.act.at\/shop\/2969\/en\/produkt\/apple-pencil-pro\/","title":{"rendered":"Apple Pencil Pro"},"content":{"rendered":"<p>Der Apple Pencil Pro er\u00f6ffnet noch mehr kreative M\u00f6glichkeiten f\u00fcr deine Ideen. Dank fortschrittlicher Technologien wie Drucksensitivit\u00e4t, Rotation und haptischem Feedback kannst du noch intuitiver zeichnen, Notizen machen und kommentieren. Die Schwebe\u00adfunktion zeigt dir pr\u00e4zise an, wo die Spitze das Display ber\u00fchren wird. Mit einem Doppeltipp wechselst du m\u00fchelos zwischen Werkzeugen. Falls du ihn verlegst, hilft dir die \u201eWo ist?\u201c App, ihn schnell wiederzufinden. Zudem l\u00e4sst sich der Apple Pencil Pro magnetisch an der Seite deines iPads befestigen, koppeln und aufladen.<\/p>\n","protected":false},"excerpt":{"rendered":"<p>Der Apple Pencil Pro er\u00f6ffnet noch mehr kreative M\u00f6glichkeiten f\u00fcr deine Ideen. Dank fortschrittlicher Technologien wie Drucksensitivit\u00e4t, Rotation und haptischem Feedback kannst du noch intuitiver zeichnen, Notizen machen und kommentieren. Die Schwebe\u00adfunktion zeigt dir pr\u00e4zise an, wo die Spitze das Display ber\u00fchren wird. Mit einem Doppeltipp wechselst du m\u00fchelos zwischen Werkzeugen. Falls du ihn verlegst, [&hellip;]<\/p>\n","protected":false},"featured_media":473,"template":"","meta":[],"product_cat":[],"product_tag":[],"class_list":{"0":"post-433","1":"product","2":"type-product","3":"status-publish","4":"has-post-thumbnail","7":"first","8":"instock","9":"taxable","10":"shipping-taxable","11":"purchasable","12":"product-type-simple"},"_links":{"self":[{"href":"https:\/\/actionmall.act.at\/shop\/2969\/en\/wp-json\/wp\/v2\/product\/433"}],"collection":[{"href":"https:\/\/actionmall.act.at\/shop\/2969\/en\/wp-json\/wp\/v2\/product"}],"about":[{"href":"https:\/\/actionmall.act.at\/shop\/2969\/en\/wp-json\/wp\/v2\/types\/product"}],"wp:featuredmedia":[{"embeddable":true,"href":"https:\/\/actionmall.act.at\/shop\/2969\/en\/wp-json\/wp\/v2\/media\/473"}],"wp:attachment":[{"href":"https:\/\/actionmall.act.at\/shop\/2969\/en\/wp-json\/wp\/v2\/media?parent=433"}],"wp:term":[{"taxonomy":"product_cat","embeddable":true,"href":"https:\/\/actionmall.act.at\/shop\/2969\/en\/wp-json\/wp\/v2\/product_cat?post=433"},{"taxonomy":"product_tag","embeddable":true,"href":"https:\/\/actionmall.act.at\/shop\/2969\/en\/wp-json\/wp\/v2\/product_tag?post=433"}],"curies":[{"name":"wp","href":"https:\/\/api.w.org\/{rel}","templated":true}]}}