{"id":445,"date":"2025-03-29T13:27:58","date_gmt":"2025-03-29T12:27:58","guid":{"rendered":"https:\/\/actionmall.act.at\/shop\/2969\/?post_type=product&#038;p=445"},"modified":"2025-06-14T11:39:45","modified_gmt":"2025-06-14T09:39:45","slug":"laptop-lenovo-yoga-7-pro","status":"publish","type":"product","link":"https:\/\/actionmall.act.at\/shop\/2969\/en\/produkt\/laptop-lenovo-yoga-7-pro\/","title":{"rendered":"Laptop Lenovo Yoga 7 Pro"},"content":{"rendered":"<p class=\"\" data-start=\"89\" data-end=\"150\"><strong data-start=\"89\" data-end=\"150\">Leistungsstarkes Notebook mit OLED-Display und RTX-Grafik<\/strong><\/p>\n<p class=\"\" data-start=\"152\" data-end=\"490\">Dieses hochwertige 14,5&#8243; Notebook vereint starke Performance mit einem brillanten OLED-Display (2880&#215;1800, 120Hz, 400 Nits, 100% DCI-P3). Ausgestattet mit einem Intel Core Ultra 7 155H Prozessor, 32GB verl\u00f6tetem LPDDR5X RAM und einer schnellen 1TB PCIe 4.0 SSD, ist es ideal f\u00fcr anspruchsvolle Anwendungen, Multitasking und Kreativarbeit.<\/p>\n<p class=\"\" data-start=\"492\" data-end=\"709\">Die NVIDIA GeForce RTX 4050 mit 6GB GDDR6 sorgt f\u00fcr starke Grafikleistung \u2013 perfekt f\u00fcr Gaming, 3D-Rendering oder Videoschnitt. F\u00fcr Konnektivit\u00e4t stehen u.\u202fa. Thunderbolt 4, HDMI 2.1, USB-C und Wi-Fi 6E zur Verf\u00fcgung.<\/p>\n<p class=\"\" data-start=\"711\" data-end=\"949\">Mit einem robusten Geh\u00e4use nach MIL-STD-810H, nur 1,59\u202fkg Gewicht und einer Akkulaufzeit von bis zu 10 Stunden ist es der ideale Begleiter f\u00fcr unterwegs. Sicherheitsfeatures wie TPM 2.0 und eine IR-Kamera (ToF) bieten zus\u00e4tzlichen Schutz.<\/p>\n<p class=\"\" data-start=\"951\" data-end=\"1070\"><strong data-start=\"951\" data-end=\"961\">Farbe:<\/strong> Luna Grey<br data-start=\"971\" data-end=\"974\" \/><strong data-start=\"974\" data-end=\"993\">Betriebssystem:<\/strong> Windows 11 Home<br data-start=\"1009\" data-end=\"1012\" \/><strong data-start=\"1012\" data-end=\"1025\">Garantie:<\/strong> 2 Jahre (inkl. Vor-Ort-Service f\u00fcr 3 Monate)<\/p>\n","protected":false},"excerpt":{"rendered":"<p>Leistungsstarkes Notebook mit OLED-Display und RTX-Grafik Dieses hochwertige 14,5&#8243; Notebook vereint starke Performance mit einem brillanten OLED-Display (2880&#215;1800, 120Hz, 400 Nits, 100% DCI-P3). Ausgestattet mit einem Intel Core Ultra 7 155H Prozessor, 32GB verl\u00f6tetem LPDDR5X RAM und einer schnellen 1TB PCIe 4.0 SSD, ist es ideal f\u00fcr anspruchsvolle Anwendungen, Multitasking und Kreativarbeit. Die NVIDIA GeForce [&hellip;]<\/p>\n","protected":false},"featured_media":492,"template":"","meta":[],"product_cat":[],"product_tag":[],"class_list":{"0":"post-445","1":"product","2":"type-product","3":"status-publish","4":"has-post-thumbnail","7":"first","8":"instock","9":"taxable","10":"shipping-taxable","11":"purchasable","12":"product-type-simple"},"_links":{"self":[{"href":"https:\/\/actionmall.act.at\/shop\/2969\/en\/wp-json\/wp\/v2\/product\/445"}],"collection":[{"href":"https:\/\/actionmall.act.at\/shop\/2969\/en\/wp-json\/wp\/v2\/product"}],"about":[{"href":"https:\/\/actionmall.act.at\/shop\/2969\/en\/wp-json\/wp\/v2\/types\/product"}],"wp:featuredmedia":[{"embeddable":true,"href":"https:\/\/actionmall.act.at\/shop\/2969\/en\/wp-json\/wp\/v2\/media\/492"}],"wp:attachment":[{"href":"https:\/\/actionmall.act.at\/shop\/2969\/en\/wp-json\/wp\/v2\/media?parent=445"}],"wp:term":[{"taxonomy":"product_cat","embeddable":true,"href":"https:\/\/actionmall.act.at\/shop\/2969\/en\/wp-json\/wp\/v2\/product_cat?post=445"},{"taxonomy":"product_tag","embeddable":true,"href":"https:\/\/actionmall.act.at\/shop\/2969\/en\/wp-json\/wp\/v2\/product_tag?post=445"}],"curies":[{"name":"wp","href":"https:\/\/api.w.org\/{rel}","templated":true}]}}