{"id":555,"date":"2025-05-10T13:04:24","date_gmt":"2025-05-10T11:04:24","guid":{"rendered":"https:\/\/actionmall.act.at\/shop\/2969\/?post_type=product&#038;p=555"},"modified":"2025-06-14T11:37:59","modified_gmt":"2025-06-14T09:37:59","slug":"isy-iad-4-in-1-usb-c-adapter","status":"publish","type":"product","link":"https:\/\/actionmall.act.at\/shop\/2969\/en\/produkt\/isy-iad-4-in-1-usb-c-adapter\/","title":{"rendered":"ISY IAD 4-in-1 USB-C Adapter"},"content":{"rendered":"<p>Der ISY IAD-1031 4-in-1 USB-C Multiport Adapter ist ein kompakter und vielseitiger Adapter, der speziell f\u00fcr Nutzer:innen entwickelt wurde, die mehrere Ger\u00e4te \u00fcber einen einzigen USB-C-Anschluss verbinden m\u00f6chten.<\/p>\n<p>\ud83d\udd27 Anschl\u00fcsse &#038; Funktionen<br \/>\nUSB-A 3.1: F\u00fcr schnelle Daten\u00fcbertragungen mit kompatiblen Ger\u00e4ten.<\/p>\n<p>USB-A 2.0: Geeignet f\u00fcr Peripherieger\u00e4te wie Tastaturen oder M\u00e4use.<\/p>\n<p>HDMI: Erm\u00f6glicht den Anschluss eines Monitors oder Fernsehers f\u00fcr die Anzeige von Videos oder Pr\u00e4sentationen.<\/p>\n<p>USB-C: Dient als Eingang f\u00fcr den Adapter und erm\u00f6glicht die Verbindung mit modernen Laptops oder Tablets.<\/p>\n<p>\ud83d\udccf Design &#038; Abmessungen<br \/>\nFarbe: Silber<\/p>\n<p>Kabell\u00e4nge: 15 cm<\/p>\n<p>\ud83d\udcbb Kompatibilit\u00e4t<br \/>\nDer Adapter ist kompatibel mit einer Vielzahl von Betriebssystemen, darunter:<\/p>\n<p>Windows: XP, Vista, 7, 8, 8.1, 10, 11 und sp\u00e4tere Versionen<\/p>\n<p>Windows Server: 2003, 2008, 2012, 2016 und sp\u00e4tere Versionen<\/p>\n<p>Mac OS X: 10.4.x\u00a0und\u00a0h\u00f6her<\/p>\n","protected":false},"excerpt":{"rendered":"<p>Der ISY IAD-1031 4-in-1 USB-C Multiport Adapter ist ein kompakter und vielseitiger Adapter, der speziell f\u00fcr Nutzer:innen entwickelt wurde, die mehrere Ger\u00e4te \u00fcber einen einzigen USB-C-Anschluss verbinden m\u00f6chten.<\/p>\n","protected":false},"featured_media":561,"template":"","meta":[],"product_cat":[],"product_tag":[],"class_list":{"0":"post-555","1":"product","2":"type-product","3":"status-publish","4":"has-post-thumbnail","7":"first","8":"instock","9":"taxable","10":"shipping-taxable","11":"purchasable","12":"product-type-simple"},"_links":{"self":[{"href":"https:\/\/actionmall.act.at\/shop\/2969\/en\/wp-json\/wp\/v2\/product\/555"}],"collection":[{"href":"https:\/\/actionmall.act.at\/shop\/2969\/en\/wp-json\/wp\/v2\/product"}],"about":[{"href":"https:\/\/actionmall.act.at\/shop\/2969\/en\/wp-json\/wp\/v2\/types\/product"}],"wp:featuredmedia":[{"embeddable":true,"href":"https:\/\/actionmall.act.at\/shop\/2969\/en\/wp-json\/wp\/v2\/media\/561"}],"wp:attachment":[{"href":"https:\/\/actionmall.act.at\/shop\/2969\/en\/wp-json\/wp\/v2\/media?parent=555"}],"wp:term":[{"taxonomy":"product_cat","embeddable":true,"href":"https:\/\/actionmall.act.at\/shop\/2969\/en\/wp-json\/wp\/v2\/product_cat?post=555"},{"taxonomy":"product_tag","embeddable":true,"href":"https:\/\/actionmall.act.at\/shop\/2969\/en\/wp-json\/wp\/v2\/product_tag?post=555"}],"curies":[{"name":"wp","href":"https:\/\/api.w.org\/{rel}","templated":true}]}}