{"id":430,"date":"2025-03-29T13:23:28","date_gmt":"2025-03-29T12:23:28","guid":{"rendered":"https:\/\/actionmall.act.at\/shop\/2969\/?post_type=product&#038;p=430"},"modified":"2025-06-14T11:41:55","modified_gmt":"2025-06-14T09:41:55","slug":"nas-40tb-festplatte-2big-dock-v2-usb-3-2-gen-2","status":"publish","type":"product","link":"https:\/\/actionmall.act.at\/shop\/2969\/produkt\/nas-40tb-festplatte-2big-dock-v2-usb-3-2-gen-2\/","title":{"rendered":"NAS 40TB Festplatte 2big Dock-V2 USB 3.2 Gen 2"},"content":{"rendered":"<div class=\"sc-3ddd6ce-5 eDXwzo\" data-test=\"pdp-bundles-content\">\n<div id=\"bundles-content\" class=\"sc-3ddd6ce-6 jRNPUo\">\n<div class=\"sc-f9f83eec-0 dkSVao\">\n<div class=\"sc-835d3f28-0 kTdeVZ\">\n<div class=\"sc-a06385e1-0 jVPdGK\">\n<div id=\"swogo-bundle-1\" class=\"sc-f7a73239-0 dpWDpK\">\n<div class=\"sc-ee3e9627-0 cwAsJd\" data-test=\"mms-product-bundle\" data-service-product=\"false\" data-bundleposition=\"3\">\n<div class=\"sc-a099f011-0 hurUYg\" data-source=\"Swogo\">\n<div class=\"sc-f524209-0 fjzoil sc-a099f011-2 Vfmnj\">\n<div class=\"sc-f524209-0 fjzoil sc-a099f011-3 kBlPpa\">\n<div class=\"sc-a099f011-4 dJImbu\"><\/div>\n<\/div>\n<\/div>\n<\/div>\n<\/div>\n<\/div>\n<\/div>\n<\/div>\n<\/div>\n<\/div>\n<\/div>\n<div data-test=\"pdp-description-content\">\n<div id=\"description-content\" class=\"sc-3ddd6ce-6 jRNPUo\">\n<div class=\"sc-d571b66f-0 htKvVi sc-ca7874f-0 fxZZEq\" data-test=\"pdp-description-pim-fallback\">LACIE\u00ae 2big Dock Thunderbolt\u2122 3 Die ideale L\u00f6sung f\u00fcr Kreativ-Profis und -Einsteiger gleicherma\u00dfen! Das Desktop-RAID LaCie\u00ae 2big Dock Thunderbolt\u2122 3 bietet mit zwei Festplatten extra gro\u00dfen Speicher bis zu 40 TB und alle Vorteile einer Docking-Station: So k\u00f6nnen \u00fcber Thunderbolt und DisplayPort 1.4 bis zu zwei 4k-Monitore oder ein 8k-Monitor angeschlossen werden. Und noch mehr passende Verbindungen: Die beiden Thunderbolt 3-Anschl\u00fcsse sind mit USB4, USB 3.2, USB 3.0 und Thunderbolt\u2122 4 kompatibel und eignen sich f\u00fcr die Reihenschaltung von bis zu f\u00fcnf Thunderbolt-Ger\u00e4ten. Au\u00dferdem bieten die Hot-Swap-f\u00e4higen IronWolf\u00ae Pro-Festplatten der Enterprise-Klasse langfristig hohe Leistung. Das 2big Dock ist kompatibel mit PC, iPad USB-C sowie Mac und zeigt sich mit hohen Geschwindigkeiten von bis zu 550 MB\/s als idealer Partner f\u00fcr die \u00dcbertragung gro\u00dfer Datenmengen aus Bild-, Video- und Soundproduktionen. F\u00fcr noch mehr kreative Vielfalt kommt die LACIE\u00ae 2big Dock Thunderbolt\u2122 3 inklusive eines einmonatigen Adobe\u00ae Creative Cloud\u00ae Abos(1). Unschlagbarer Vorteil f\u00fcr die Datensicherung sind die f\u00fcnf Jahre Rescue Data Recovery Service zur Datenwiederherstellung(2). (1) F\u00fcr die 4-monatige kostenlose Mitgliedschaft (\u201eMitgliedschaft\u201c) ist eine Adobe-ID sowie Produktregistrierung bis sp\u00e4testens 1 Jahre nach Kauf erforderlich. Die Einl\u00f6sung der Mitgliedschaft muss innerhalb eines Jahres nach der Registrierung erfolgen. Die Mitgliedschaft endet automatisch. Nach Ablauf der Mitgliedschaft k\u00f6nnen Sie die Services oder Software nur weiter nutzen, indem Sie sich f\u00fcr ein kostenpflichtiges Abonnement anmelden, sofern dies verf\u00fcgbar oder anderweitig von Adobe gestattet ist. Nur fu\u0308r Benutzer ab 16 Jahren. Anbieter: Adobe Inc.: 345 Park Avenue, San Jose, California 95110-2704, USA. Adobe Systems Software Ireland Limited: 4-6 Riverwalk, City West Business Campus, Saggart, Dublin 24, Republik Irland (2) Soweit technisch m\u00f6glich. Das Angebot gilt f\u00fcr 3 Jahre ab Kaufdatum. Die Rescue Data Recovery Services zur Datenwiederherstellung kann von Besitzern einer entsprechenden Festplatte \u00fcber den Seagate-Support in Anspruch genommen werden. Anbieter: Seagate Technology (Netherlands) B.V., Tupolevlaan 105, 1119 PA Schiphol-Rijk, Niederlande.<\/div>\n<\/div>\n<\/div>\n","protected":false},"excerpt":{"rendered":"<p>LACIE\u00ae 2big Dock Thunderbolt\u2122 3 Die ideale L\u00f6sung f\u00fcr Kreativ-Profis und -Einsteiger gleicherma\u00dfen! Das Desktop-RAID LaCie\u00ae 2big Dock Thunderbolt\u2122 3 bietet mit zwei Festplatten extra gro\u00dfen Speicher bis zu 40 TB und alle Vorteile einer Docking-Station: So k\u00f6nnen \u00fcber Thunderbolt und DisplayPort 1.4 bis zu zwei 4k-Monitore oder ein 8k-Monitor angeschlossen werden. Und noch mehr [&hellip;]<\/p>\n","protected":false},"featured_media":486,"template":"","meta":[],"product_cat":[],"product_tag":[],"class_list":{"0":"post-430","1":"product","2":"type-product","3":"status-publish","4":"has-post-thumbnail","7":"first","8":"instock","9":"taxable","10":"shipping-taxable","11":"purchasable","12":"product-type-simple"},"_links":{"self":[{"href":"https:\/\/actionmall.act.at\/shop\/2969\/wp-json\/wp\/v2\/product\/430"}],"collection":[{"href":"https:\/\/actionmall.act.at\/shop\/2969\/wp-json\/wp\/v2\/product"}],"about":[{"href":"https:\/\/actionmall.act.at\/shop\/2969\/wp-json\/wp\/v2\/types\/product"}],"wp:featuredmedia":[{"embeddable":true,"href":"https:\/\/actionmall.act.at\/shop\/2969\/wp-json\/wp\/v2\/media\/486"}],"wp:attachment":[{"href":"https:\/\/actionmall.act.at\/shop\/2969\/wp-json\/wp\/v2\/media?parent=430"}],"wp:term":[{"taxonomy":"product_cat","embeddable":true,"href":"https:\/\/actionmall.act.at\/shop\/2969\/wp-json\/wp\/v2\/product_cat?post=430"},{"taxonomy":"product_tag","embeddable":true,"href":"https:\/\/actionmall.act.at\/shop\/2969\/wp-json\/wp\/v2\/product_tag?post=430"}],"curies":[{"name":"wp","href":"https:\/\/api.w.org\/{rel}","templated":true}]}}