{"id":434,"date":"2025-03-29T13:25:03","date_gmt":"2025-03-29T12:25:03","guid":{"rendered":"https:\/\/actionmall.act.at\/shop\/2969\/?post_type=product&#038;p=434"},"modified":"2025-06-14T11:41:30","modified_gmt":"2025-06-14T09:41:30","slug":"hdmi-kabel-1m","status":"publish","type":"product","link":"https:\/\/actionmall.act.at\/shop\/2969\/produkt\/hdmi-kabel-1m\/","title":{"rendered":"HDMI-Kabel, 1m"},"content":{"rendered":"<p><strong data-start=\"87\" data-end=\"152\">HDMI-Kabel 1 Meter \u2013 Hochwertige Verbindung f\u00fcr Audio &#038; Video<\/strong><\/p>\n<p>Dieses 1 Meter lange HDMI-Kabel \u00fcbertr\u00e4gt hochaufl\u00f6sendes Bild und klaren Ton \u2013 ideal f\u00fcr TV, Monitor, Beamer, Konsole oder PC. Unterst\u00fctzt Full HD, 4K, 3D, ARC und Ethernet. Robuste Verarbeitung mit vergoldeten Steckern f\u00fcr optimale Signalqualit\u00e4t und lange Lebensdauer.<\/p>\n<p class=\"\" data-start=\"441\" data-end=\"464\"><strong data-start=\"441\" data-end=\"462\">Technische Daten:<\/strong><\/p>\n<ul data-start=\"465\" data-end=\"1130\">\n<li class=\"\" data-start=\"465\" data-end=\"487\">\n<p class=\"\" data-start=\"467\" data-end=\"487\"><strong data-start=\"467\" data-end=\"477\">L\u00e4nge:<\/strong> 1 Meter<\/p>\n<\/li>\n<li class=\"\" data-start=\"465\" data-end=\"487\">\n<p class=\"\" data-start=\"467\" data-end=\"487\"><strong data-start=\"490\" data-end=\"505\">Anschl\u00fcsse:<\/strong> HDMI-Stecker (Typ A) auf HDMI-Stecker (Typ A)<\/p>\n<\/li>\n<li class=\"\" data-start=\"554\" data-end=\"602\">\n<p class=\"\" data-start=\"556\" data-end=\"602\"><strong data-start=\"556\" data-end=\"568\">Version:<\/strong> HDMI 2.0 \/ 2.1 (je nach Modell)<\/p>\n<\/li>\n<li class=\"\" data-start=\"603\" data-end=\"697\">\n<p class=\"\" data-start=\"605\" data-end=\"697\"><strong data-start=\"605\" data-end=\"619\">Aufl\u00f6sung:<\/strong> Unterst\u00fctzt bis zu 4K @ 60 Hz (3840&#215;2160), abw\u00e4rtskompatibel zu 1080p, 720p<\/p>\n<\/li>\n<li class=\"\" data-start=\"698\" data-end=\"876\">\n<p class=\"\" data-start=\"700\" data-end=\"717\"><strong data-start=\"700\" data-end=\"715\">Funktionen: <\/strong>ARC (Audio Return Channel), CEC (Consumer Electronics Control), 3D-Unterst\u00fctzung, HDR (High Dynamic Range), Ethernet \u00fcber HDMI (HEC)<\/p>\n<\/li>\n<li class=\"\" data-start=\"877\" data-end=\"934\">\n<p class=\"\" data-start=\"879\" data-end=\"934\"><strong data-start=\"879\" data-end=\"900\">\u00dcbertragungsrate:<\/strong> Bis zu 18 Gbit\/s (bei HDMI 2.0)<\/p>\n<\/li>\n<li class=\"\" data-start=\"935\" data-end=\"1013\">\n<p class=\"\" data-start=\"937\" data-end=\"1013\"><strong data-start=\"937\" data-end=\"949\">Stecker:<\/strong> Vergoldet, korrosionsbest\u00e4ndig f\u00fcr optimale Signal\u00fcbertragung<\/p>\n<\/li>\n<li class=\"\" data-start=\"1014\" data-end=\"1072\">\n<p class=\"\" data-start=\"1016\" data-end=\"1072\"><strong data-start=\"1016\" data-end=\"1035\">Kabelschirmung:<\/strong> Mehrfach geschirmt gegen St\u00f6rungen<\/p>\n<\/li>\n<li class=\"\" data-start=\"1073\" data-end=\"1130\">\n<p class=\"\" data-start=\"1075\" data-end=\"1130\"><strong data-start=\"1075\" data-end=\"1088\">Material:<\/strong> PVC-Ummantelung, langlebig und flexibel<\/p>\n<\/li>\n<\/ul>\n","protected":false},"excerpt":{"rendered":"<p>HDMI-Kabel 1 Meter \u2013 Hochwertige Verbindung f\u00fcr Audio &#038; Video Dieses 1 Meter lange HDMI-Kabel \u00fcbertr\u00e4gt hochaufl\u00f6sendes Bild und klaren Ton \u2013 ideal f\u00fcr TV, Monitor, Beamer, Konsole oder PC. Unterst\u00fctzt Full HD, 4K, 3D, ARC und Ethernet. Robuste Verarbeitung mit vergoldeten Steckern f\u00fcr optimale Signalqualit\u00e4t und lange Lebensdauer. Technische Daten: L\u00e4nge: 1 Meter Anschl\u00fcsse: [&hellip;]<\/p>\n","protected":false},"featured_media":447,"template":"","meta":[],"product_cat":[],"product_tag":[],"class_list":{"0":"post-434","1":"product","2":"type-product","3":"status-publish","4":"has-post-thumbnail","7":"first","8":"instock","9":"taxable","10":"shipping-taxable","11":"purchasable","12":"product-type-simple"},"_links":{"self":[{"href":"https:\/\/actionmall.act.at\/shop\/2969\/wp-json\/wp\/v2\/product\/434"}],"collection":[{"href":"https:\/\/actionmall.act.at\/shop\/2969\/wp-json\/wp\/v2\/product"}],"about":[{"href":"https:\/\/actionmall.act.at\/shop\/2969\/wp-json\/wp\/v2\/types\/product"}],"wp:featuredmedia":[{"embeddable":true,"href":"https:\/\/actionmall.act.at\/shop\/2969\/wp-json\/wp\/v2\/media\/447"}],"wp:attachment":[{"href":"https:\/\/actionmall.act.at\/shop\/2969\/wp-json\/wp\/v2\/media?parent=434"}],"wp:term":[{"taxonomy":"product_cat","embeddable":true,"href":"https:\/\/actionmall.act.at\/shop\/2969\/wp-json\/wp\/v2\/product_cat?post=434"},{"taxonomy":"product_tag","embeddable":true,"href":"https:\/\/actionmall.act.at\/shop\/2969\/wp-json\/wp\/v2\/product_tag?post=434"}],"curies":[{"name":"wp","href":"https:\/\/api.w.org\/{rel}","templated":true}]}}