{"id":438,"date":"2025-03-29T13:22:31","date_gmt":"2025-03-29T12:22:31","guid":{"rendered":"https:\/\/actionmall.act.at\/shop\/2969\/?post_type=product&#038;p=438"},"modified":"2025-06-14T11:42:44","modified_gmt":"2025-06-14T09:42:44","slug":"apple-pencil","status":"publish","type":"product","link":"https:\/\/actionmall.act.at\/shop\/2969\/produkt\/apple-pencil\/","title":{"rendered":"Apple Pencil"},"content":{"rendered":"<p>Der <strong data-start=\"4\" data-end=\"20\">Apple Pencil<\/strong> ist ein pr\u00e4ziser Eingabestift, der speziell f\u00fcr das iPad entwickelt wurde. Er erm\u00f6glicht fl\u00fcssiges Schreiben, Zeichnen, Skizzieren und Markieren \u2013 fast wie mit einem echten Stift auf Papier. Dank seiner Druck- und Neigungssensitivit\u00e4t eignet er sich besonders gut f\u00fcr kreative Anwendungen sowie f\u00fcr handschriftliche Notizen. Je nach Modell wird der Apple Pencil magnetisch am iPad befestigt und kabellos geladen.<\/p>\n","protected":false},"excerpt":{"rendered":"<p>Der <strong data-start=\"4\" data-end=\"20\">Apple Pencil<\/strong> ist ein pr\u00e4ziser Eingabestift, der speziell f\u00fcr das iPad entwickelt wurde.<\/p>\n","protected":false},"featured_media":457,"template":"","meta":[],"product_cat":[],"product_tag":[],"class_list":{"0":"post-438","1":"product","2":"type-product","3":"status-publish","4":"has-post-thumbnail","7":"first","8":"instock","9":"taxable","10":"shipping-taxable","11":"purchasable","12":"product-type-simple"},"_links":{"self":[{"href":"https:\/\/actionmall.act.at\/shop\/2969\/wp-json\/wp\/v2\/product\/438"}],"collection":[{"href":"https:\/\/actionmall.act.at\/shop\/2969\/wp-json\/wp\/v2\/product"}],"about":[{"href":"https:\/\/actionmall.act.at\/shop\/2969\/wp-json\/wp\/v2\/types\/product"}],"wp:featuredmedia":[{"embeddable":true,"href":"https:\/\/actionmall.act.at\/shop\/2969\/wp-json\/wp\/v2\/media\/457"}],"wp:attachment":[{"href":"https:\/\/actionmall.act.at\/shop\/2969\/wp-json\/wp\/v2\/media?parent=438"}],"wp:term":[{"taxonomy":"product_cat","embeddable":true,"href":"https:\/\/actionmall.act.at\/shop\/2969\/wp-json\/wp\/v2\/product_cat?post=438"},{"taxonomy":"product_tag","embeddable":true,"href":"https:\/\/actionmall.act.at\/shop\/2969\/wp-json\/wp\/v2\/product_tag?post=438"}],"curies":[{"name":"wp","href":"https:\/\/api.w.org\/{rel}","templated":true}]}}