{"id":448,"date":"2025-03-29T13:24:45","date_gmt":"2025-03-29T12:24:45","guid":{"rendered":"https:\/\/actionmall.act.at\/shop\/2969\/?post_type=product&#038;p=448"},"modified":"2025-06-14T11:41:48","modified_gmt":"2025-06-14T09:41:48","slug":"microsoft-office-365-single-12-monats-abo","status":"publish","type":"product","link":"https:\/\/actionmall.act.at\/shop\/2969\/produkt\/microsoft-office-365-single-12-monats-abo\/","title":{"rendered":"Microsoft Office 365 Single 12 Monats-Abo"},"content":{"rendered":"<h1 id=\"title\" class=\"a-size-large a-spacing-none\"><span id=\"productTitle\" class=\"a-size-large product-title-word-break\">Microsoft 365 Single | 12 Monats-Abo mit automatischer Verl\u00e4ngerung, 1 Nutzer | Word, Excel, PowerPoint | 1TB OneDrive Cloudspeicher\u00a0<\/span><\/h1>\n<ul class=\"a-unordered-list a-vertical a-spacing-mini\">\n<li class=\"a-spacing-mini\"><span class=\"a-list-item\">Microsoft 365 Single umfasst 1 TB Speicherplatz in der Cloud, erweiterte Sicherheit und innovative Apps mit KI. [1]<\/span><\/li>\n<li class=\"a-spacing-mini\"><span class=\"a-list-item\">F\u00fcr eine Person.<\/span><\/li>\n<li class=\"a-spacing-mini\"><span class=\"a-list-item\">Zur Verwendung auf bis zu f\u00fcnf Ger\u00e4ten gleichzeitig.<\/span><\/li>\n<li class=\"a-spacing-mini\"><span class=\"a-list-item\">Funktioniert auf PC, Mac, iPhone, iPad und Android-Smartphones und Tablets.<\/span><\/li>\n<li class=\"a-spacing-mini\"><span class=\"a-list-item\">1 TB (1000 GB) sicherer OneDrive Cloudspeicher.<\/span><\/li>\n<li class=\"a-spacing-mini\"><span class=\"a-list-item\">Word, Excel \u00b2, PowerPoint, Outlook \u00b3 und OneNote-Desktop-Apps mit Microsoft Copilot. \u2074<\/span><\/li>\n<li class=\"a-spacing-mini\"><span class=\"a-list-item\">Designer-Tool zum Erstellen und Bearbeiten von Bildern mit KI-Unterst\u00fctzung. <\/span><\/li>\n<li class=\"a-spacing-mini\"><span class=\"a-list-item\">Clipchamp-Videoeditor mit Premiumfiltern und -effekten.<\/span><\/li>\n<li class=\"a-spacing-mini\"><span class=\"a-list-item\">Microsoft Defender bietet erweiterte Sicherheit f\u00fcr deine pers\u00f6nlichen Daten und Ger\u00e4te.<\/span><\/li>\n<li class=\"a-spacing-mini\"><span class=\"a-list-item\">OneDrive-Ransomware-Schutz f\u00fcr deine Fotos und Dateien.<\/span><\/li>\n<\/ul>\n<div class=\"a-row a-expander-container a-expander-inline-container\">\n<div class=\"a-expander-content a-expander-extend-content a-expander-content-expanded\" data-expanded=\"true\"><\/div>\n<\/div>\n","protected":false},"excerpt":{"rendered":"<p>Microsoft 365 Single | 12 Monats-Abo mit automatischer Verl\u00e4ngerung, 1 Nutzer | Word, Excel, PowerPoint | 1TB OneDrive Cloudspeicher\u00a0 Microsoft 365 Single umfasst 1 TB Speicherplatz in der Cloud, erweiterte Sicherheit und innovative Apps mit KI. [1] F\u00fcr eine Person. Zur Verwendung auf bis zu f\u00fcnf Ger\u00e4ten gleichzeitig. Funktioniert auf PC, Mac, iPhone, iPad und [&hellip;]<\/p>\n","protected":false},"featured_media":467,"template":"","meta":[],"product_cat":[],"product_tag":[],"class_list":{"0":"post-448","1":"product","2":"type-product","3":"status-publish","4":"has-post-thumbnail","7":"first","8":"instock","9":"sale","10":"taxable","11":"shipping-taxable","12":"purchasable","13":"product-type-simple"},"_links":{"self":[{"href":"https:\/\/actionmall.act.at\/shop\/2969\/wp-json\/wp\/v2\/product\/448"}],"collection":[{"href":"https:\/\/actionmall.act.at\/shop\/2969\/wp-json\/wp\/v2\/product"}],"about":[{"href":"https:\/\/actionmall.act.at\/shop\/2969\/wp-json\/wp\/v2\/types\/product"}],"wp:featuredmedia":[{"embeddable":true,"href":"https:\/\/actionmall.act.at\/shop\/2969\/wp-json\/wp\/v2\/media\/467"}],"wp:attachment":[{"href":"https:\/\/actionmall.act.at\/shop\/2969\/wp-json\/wp\/v2\/media?parent=448"}],"wp:term":[{"taxonomy":"product_cat","embeddable":true,"href":"https:\/\/actionmall.act.at\/shop\/2969\/wp-json\/wp\/v2\/product_cat?post=448"},{"taxonomy":"product_tag","embeddable":true,"href":"https:\/\/actionmall.act.at\/shop\/2969\/wp-json\/wp\/v2\/product_tag?post=448"}],"curies":[{"name":"wp","href":"https:\/\/api.w.org\/{rel}","templated":true}]}}