{"id":462,"date":"2025-03-29T13:27:51","date_gmt":"2025-03-29T12:27:51","guid":{"rendered":"https:\/\/actionmall.act.at\/shop\/2969\/?post_type=product&#038;p=462"},"modified":"2025-06-14T11:40:43","modified_gmt":"2025-06-14T09:40:43","slug":"microsoft-surface-laptop-go-1943","status":"publish","type":"product","link":"https:\/\/actionmall.act.at\/shop\/2969\/produkt\/microsoft-surface-laptop-go-1943\/","title":{"rendered":"Microsoft Surface Laptop Go 1943"},"content":{"rendered":"<p><strong>Microsoft Surface Laptop Go 1943 \u2013 Refurbished (Sandstone)<\/strong><\/p>\n<p>Erleben Sie Mobilit\u00e4t und Leistung in perfekter Kombination mit dem\u00a0<strong>Microsoft Surface Laptop Go 1943<\/strong>. Dieses Ger\u00e4t in der eleganten Farbe\u00a0<strong>Sandstone<\/strong>\u00a0vereint modernes Design mit leistungsstarken Funktionen und bietet alles, was Sie f\u00fcr den Alltag ben\u00f6tigen \u2013 egal ob zu Hause, unterwegs oder im B\u00fcro.<\/p>\n<p><strong>Highlights:<\/strong><\/p>\n<ul>\n<li><strong>Display:<\/strong>\u00a0Das brillante\u00a0<strong>12,4\u2033 PixelSense\u2122 Touch-Display<\/strong>\u00a0sorgt f\u00fcr gestochen scharfe Bilder und lebendige Farben, ideal f\u00fcr Multitasking, Videostreaming oder Pr\u00e4sentationen.<\/li>\n<li><strong>Prozessor:<\/strong>\u00a0Ausgestattet mit einem\u00a0<strong>Intel\u00ae Core\u2122 i5-1035G1 Prozessor<\/strong>\u00a0@ 1.00 GHz liefert der Surface Laptop Go zuverl\u00e4ssige Leistung f\u00fcr all Ihre t\u00e4glichen Aufgaben.<\/li>\n<li><strong>Speicher &#038; Grafik:<\/strong>\u00a0Mit\u00a0<strong>8 GB RAM<\/strong>\u00a0und\u00a0<strong>Intel\u00ae Core UHD Graphics<\/strong>\u00a0sind auch anspruchsvolle Anwendungen kein Problem. Der Laptop verf\u00fcgt au\u00dferdem \u00fcber eine schnelle\u00a0<strong>128 GB SSD<\/strong>\u00a0von SK Hynix (Modell HFM128GDGTNG-87A0A), die Ihnen gen\u00fcgend Speicherplatz f\u00fcr Dokumente, Bilder und Apps bietet.<\/li>\n<li><strong>Betriebssystem:<\/strong>\u00a0Der Laptop l\u00e4uft auf dem modernen\u00a0<strong>Windows 11 Home<\/strong>, das Ihnen eine intuitive Benutzeroberfl\u00e4che und die neuesten Sicherheitsfunktionen bietet.<\/li>\n<\/ul>\n","protected":false},"excerpt":{"rendered":"<p>Microsoft Surface Laptop Go 1943 \u2013 Refurbished (Sandstone) Erleben Sie Mobilit\u00e4t und Leistung in perfekter Kombination mit dem\u00a0Microsoft Surface Laptop Go 1943. Dieses Ger\u00e4t in der eleganten Farbe\u00a0Sandstone\u00a0vereint modernes Design mit leistungsstarken Funktionen und bietet alles, was Sie f\u00fcr den Alltag ben\u00f6tigen \u2013 egal ob zu Hause, unterwegs oder im B\u00fcro. Highlights: Display:\u00a0Das brillante\u00a012,4\u2033 PixelSense\u2122 [&hellip;]<\/p>\n","protected":false},"featured_media":489,"template":"","meta":[],"product_cat":[],"product_tag":[],"class_list":{"0":"post-462","1":"product","2":"type-product","3":"status-publish","4":"has-post-thumbnail","7":"first","8":"instock","9":"sale","10":"taxable","11":"shipping-taxable","12":"purchasable","13":"product-type-simple"},"_links":{"self":[{"href":"https:\/\/actionmall.act.at\/shop\/2969\/wp-json\/wp\/v2\/product\/462"}],"collection":[{"href":"https:\/\/actionmall.act.at\/shop\/2969\/wp-json\/wp\/v2\/product"}],"about":[{"href":"https:\/\/actionmall.act.at\/shop\/2969\/wp-json\/wp\/v2\/types\/product"}],"wp:featuredmedia":[{"embeddable":true,"href":"https:\/\/actionmall.act.at\/shop\/2969\/wp-json\/wp\/v2\/media\/489"}],"wp:attachment":[{"href":"https:\/\/actionmall.act.at\/shop\/2969\/wp-json\/wp\/v2\/media?parent=462"}],"wp:term":[{"taxonomy":"product_cat","embeddable":true,"href":"https:\/\/actionmall.act.at\/shop\/2969\/wp-json\/wp\/v2\/product_cat?post=462"},{"taxonomy":"product_tag","embeddable":true,"href":"https:\/\/actionmall.act.at\/shop\/2969\/wp-json\/wp\/v2\/product_tag?post=462"}],"curies":[{"name":"wp","href":"https:\/\/api.w.org\/{rel}","templated":true}]}}