{"id":532,"date":"2025-04-16T20:35:43","date_gmt":"2025-04-16T18:35:43","guid":{"rendered":"https:\/\/actionmall.act.at\/shop\/2969\/?post_type=product&#038;p=532"},"modified":"2026-02-25T04:49:02","modified_gmt":"2026-02-25T03:49:02","slug":"refurbished-lenovo-thinkpad","status":"publish","type":"product","link":"https:\/\/actionmall.act.at\/shop\/2969\/produkt\/refurbished-lenovo-thinkpad\/","title":{"rendered":"Refurbished Lenovo ThinkPad"},"content":{"rendered":"<p>Ein gebrauchter, aufbereiteter ThinkPad mit R2-Zertifizierung. Durch Wiederverwendung werden Ressourcen gespart und Elektroschrott reduziert \u2013 ein nachhaltiger Beitrag zur IT.<\/p>\n<p>Das Ger\u00e4t wurde professionell general\u00fcberholt, wodurch Elektroschrott vermieden und Ressourcen geschont werden. Die Wiederaufbereitung erfolgt gem\u00e4\u00df dem R2-Standard, der sichere und umweltfreundliche Recyclingpraktiken gew\u00e4hrleistet. Die Pads sind f\u00fcr ihre Robustheit und lange Lebensdauer bekannt, was sie ideal f\u00fcr eine nachhaltige Nutzung macht<\/p>\n","protected":false},"excerpt":{"rendered":"<p>Ein gebrauchter, aufbereiteter ThinkPad mit R2-Zertifizierung. Durch Wiederverwendung werden Ressourcen gespart und Elektroschrott reduziert \u2013 ein nachhaltiger Beitrag zur IT. Das Ger\u00e4t wurde professionell general\u00fcberholt, wodurch Elektroschrott vermieden und Ressourcen geschont werden. Die Wiederaufbereitung erfolgt gem\u00e4\u00df dem R2-Standard, der sichere und umweltfreundliche Recyclingpraktiken gew\u00e4hrleistet. Die Pads sind f\u00fcr ihre Robustheit und lange Lebensdauer bekannt, was [&hellip;]<\/p>\n","protected":false},"featured_media":533,"template":"","meta":[],"product_cat":[],"product_tag":[],"class_list":{"0":"post-532","1":"product","2":"type-product","3":"status-publish","4":"has-post-thumbnail","7":"first","8":"instock","9":"taxable","10":"shipping-taxable","11":"purchasable","12":"product-type-simple"},"_links":{"self":[{"href":"https:\/\/actionmall.act.at\/shop\/2969\/wp-json\/wp\/v2\/product\/532"}],"collection":[{"href":"https:\/\/actionmall.act.at\/shop\/2969\/wp-json\/wp\/v2\/product"}],"about":[{"href":"https:\/\/actionmall.act.at\/shop\/2969\/wp-json\/wp\/v2\/types\/product"}],"wp:featuredmedia":[{"embeddable":true,"href":"https:\/\/actionmall.act.at\/shop\/2969\/wp-json\/wp\/v2\/media\/533"}],"wp:attachment":[{"href":"https:\/\/actionmall.act.at\/shop\/2969\/wp-json\/wp\/v2\/media?parent=532"}],"wp:term":[{"taxonomy":"product_cat","embeddable":true,"href":"https:\/\/actionmall.act.at\/shop\/2969\/wp-json\/wp\/v2\/product_cat?post=532"},{"taxonomy":"product_tag","embeddable":true,"href":"https:\/\/actionmall.act.at\/shop\/2969\/wp-json\/wp\/v2\/product_tag?post=532"}],"curies":[{"name":"wp","href":"https:\/\/api.w.org\/{rel}","templated":true}]}}