{"id":624,"date":"2025-05-26T11:48:36","date_gmt":"2025-05-26T09:48:36","guid":{"rendered":"https:\/\/actionmall.act.at\/shop\/2969\/?post_type=product&#038;p=624"},"modified":"2025-06-14T11:31:44","modified_gmt":"2025-06-14T09:31:44","slug":"officeprint-x500-multifunktionsdrucker","status":"publish","type":"product","link":"https:\/\/actionmall.act.at\/shop\/2969\/produkt\/officeprint-x500-multifunktionsdrucker\/","title":{"rendered":"OfficePrint X500 \u2013 Multifunktionsdrucker"},"content":{"rendered":"<p>Der OfficePrint X500 ist ein moderner Multifunktionsdrucker f\u00fcr kleine B\u00fcros und \u00dcbungsfirmen. Er vereint die wichtigsten Funktionen \u2013 Drucken, Scannen und Kopieren \u2013 in einem kompakten Ger\u00e4t. Dank integrierter WLAN-Funktion und automatischem Duplexdruck eignet sich der X500 ideal f\u00fcr effiziente Arbeitsprozesse im B\u00fcroalltag. Die einfache Bedienung und das klare Design machen ihn zur idealen L\u00f6sung f\u00fcr den t\u00e4glichen Einsatz.<\/p>\n","protected":false},"excerpt":{"rendered":"<p>Der OfficePrint X500 ist ein moderner Multifunktionsdrucker f\u00fcr kleine B\u00fcros und \u00dcbungsfirmen. Er vereint die wichtigsten Funktionen \u2013 Drucken, Scannen und Kopieren \u2013 in einem kompakten Ger\u00e4t. Dank integrierter WLAN-Funktion und automatischem Duplexdruck eignet sich der X500 ideal f\u00fcr effiziente Arbeitsprozesse im B\u00fcroalltag. Die einfache Bedienung und das klare Design machen ihn zur idealen L\u00f6sung [&hellip;]<\/p>\n","protected":false},"featured_media":626,"template":"","meta":[],"product_cat":[],"product_tag":[],"class_list":{"0":"post-624","1":"product","2":"type-product","3":"status-publish","4":"has-post-thumbnail","7":"first","8":"instock","9":"taxable","10":"shipping-taxable","11":"purchasable","12":"product-type-simple"},"_links":{"self":[{"href":"https:\/\/actionmall.act.at\/shop\/2969\/wp-json\/wp\/v2\/product\/624"}],"collection":[{"href":"https:\/\/actionmall.act.at\/shop\/2969\/wp-json\/wp\/v2\/product"}],"about":[{"href":"https:\/\/actionmall.act.at\/shop\/2969\/wp-json\/wp\/v2\/types\/product"}],"wp:featuredmedia":[{"embeddable":true,"href":"https:\/\/actionmall.act.at\/shop\/2969\/wp-json\/wp\/v2\/media\/626"}],"wp:attachment":[{"href":"https:\/\/actionmall.act.at\/shop\/2969\/wp-json\/wp\/v2\/media?parent=624"}],"wp:term":[{"taxonomy":"product_cat","embeddable":true,"href":"https:\/\/actionmall.act.at\/shop\/2969\/wp-json\/wp\/v2\/product_cat?post=624"},{"taxonomy":"product_tag","embeddable":true,"href":"https:\/\/actionmall.act.at\/shop\/2969\/wp-json\/wp\/v2\/product_tag?post=624"}],"curies":[{"name":"wp","href":"https:\/\/api.w.org\/{rel}","templated":true}]}}