{"id":332,"date":"2026-05-05T14:52:19","date_gmt":"2026-05-05T12:52:19","guid":{"rendered":"https:\/\/actionmall.act.at\/shop\/2972\/?post_type=product&#038;p=332"},"modified":"2026-05-05T14:54:28","modified_gmt":"2026-05-05T12:54:28","slug":"lack-universal-10l-orange-ral-2003","status":"publish","type":"product","link":"https:\/\/actionmall.act.at\/shop\/2972\/en\/produkt\/lack-universal-10l-orange-ral-2003\/","title":{"rendered":"Lack Universal 10l Violett RAL 4005"},"content":{"rendered":"<h3 data-section-id=\"1le7n3x\" data-start=\"76\" data-end=\"141\"><span role=\"text\"><strong data-start=\"80\" data-end=\"141\">Pigment Pioniere Universallack \u2013 F\u00fcr innen und au\u00dfen<\/strong><\/span><\/h3>\n<p data-start=\"143\" data-end=\"362\">Hochwertiger <strong data-start=\"156\" data-end=\"173\">Universallack<\/strong> f\u00fcr vielseitige Anwendungen im Innen- und Au\u00dfenbereich. Die wasserbasierte Formulierung ist umweltschonend und sorgt f\u00fcr eine strapazierf\u00e4hige, gleichm\u00e4\u00dfige Oberfl\u00e4che mit guter Deckkraft.<\/p>\n<p style=\"text-align: center\" data-start=\"143\" data-end=\"362\"><strong>03 Lack Universal 10 Liter RAL 4005 Violett<\/strong><\/p>\n<h4 data-start=\"364\" data-end=\"387\"><span role=\"text\"><strong data-start=\"369\" data-end=\"387\">Eigenschaften:<\/strong><\/span><\/h4>\n<ul data-start=\"388\" data-end=\"610\">\n<li data-section-id=\"nlylke\" data-start=\"388\" data-end=\"476\"><strong data-start=\"390\" data-end=\"406\">Filmbildend:<\/strong> Bildet eine sch\u00fctzende, geschlossene Lackschicht auf der Oberfl\u00e4che<\/li>\n<li data-section-id=\"3sqz0y\" data-start=\"477\" data-end=\"525\"><strong data-start=\"479\" data-end=\"494\">Geruchsarm:<\/strong> Angenehm in der Verarbeitung<\/li>\n<li data-section-id=\"fli17f\" data-start=\"526\" data-end=\"610\"><strong data-start=\"528\" data-end=\"560\">Umweltfreundlich formuliert:<\/strong>\n<ul data-start=\"565\" data-end=\"610\">\n<li data-section-id=\"da7ubb\" data-start=\"565\" data-end=\"582\">L\u00f6semittelarm<\/li>\n<li data-section-id=\"9t0955\" data-start=\"585\" data-end=\"610\">Frei von Weichmachern<\/li>\n<\/ul>\n<\/li>\n<\/ul>\n<h4 data-start=\"612\" data-end=\"630\"><span role=\"text\"><strong data-start=\"617\" data-end=\"630\">Vorteile:<\/strong><\/span><\/h4>\n<ul data-start=\"631\" data-end=\"855\">\n<li data-section-id=\"iwmp3a\" data-start=\"631\" data-end=\"678\">Gute <strong data-start=\"638\" data-end=\"651\">Deckkraft<\/strong> und gleichm\u00e4\u00dfiges Finish<\/li>\n<li data-section-id=\"it7bh5\" data-start=\"679\" data-end=\"734\"><strong data-start=\"681\" data-end=\"712\">Robust und widerstandsf\u00e4hig<\/strong> gegen Beanspruchung<\/li>\n<li data-section-id=\"109zsj5\" data-start=\"735\" data-end=\"783\"><strong data-start=\"737\" data-end=\"760\">Witterungsbest\u00e4ndig<\/strong> (f\u00fcr au\u00dfen geeignet)<\/li>\n<li data-section-id=\"1h36w31\" data-start=\"784\" data-end=\"810\"><strong data-start=\"786\" data-end=\"808\">Leicht zu reinigen<\/strong><\/li>\n<li data-section-id=\"roxymr\" data-start=\"811\" data-end=\"855\">Gute <strong data-start=\"818\" data-end=\"829\">Haftung<\/strong> auf vielen Untergr\u00fcnden<\/li>\n<\/ul>\n<h4 data-start=\"857\" data-end=\"881\"><span role=\"text\"><strong data-start=\"862\" data-end=\"881\">Einsatzbereich:<\/strong><\/span><\/h4>\n<ul data-start=\"882\" data-end=\"1050\">\n<li data-section-id=\"1onm25t\" data-start=\"882\" data-end=\"927\">F\u00fcr <strong data-start=\"888\" data-end=\"925\">Innen- und Au\u00dfenbereiche geeignet<\/strong><\/li>\n<li data-section-id=\"1539avx\" data-start=\"928\" data-end=\"1050\">Anwendbar auf verschiedenen Untergr\u00fcnden wie:\n<ul data-start=\"978\" data-end=\"1050\">\n<li data-section-id=\"1mvhyc9\" data-start=\"978\" data-end=\"986\">Holz<\/li>\n<li data-section-id=\"lrtkdx\" data-start=\"989\" data-end=\"999\">Metall<\/li>\n<li data-section-id=\"1mm6n36\" data-start=\"1002\" data-end=\"1050\">Kunststoff (nach entsprechender Grundierung)<\/li>\n<\/ul>\n<\/li>\n<\/ul>\n","protected":false},"excerpt":{"rendered":"<p>Lack der reinknallt!!<\/p>\n","protected":false},"featured_media":333,"template":"","meta":[],"product_cat":[34,42,43,45,58,61,62],"product_tag":[],"class_list":{"0":"post-332","1":"product","2":"type-product","3":"status-publish","4":"has-post-thumbnail","6":"product_cat-autos-und-fahrzeuge","7":"product_cat-immobilien-heim-und-garten","8":"product_cat-unterhaltung-freizeit-und-kultur","9":"product_cat-sport-veranstaltungen-hobbies","10":"product_cat-it-und-elektronik","11":"product_cat-dienstleistungen-und-oeffentliche-versorgung","12":"product_cat-technische-infrastruktur-industrie","14":"first","15":"instock","16":"taxable","17":"shipping-taxable","18":"purchasable","19":"product-type-simple"},"_links":{"self":[{"href":"https:\/\/actionmall.act.at\/shop\/2972\/en\/wp-json\/wp\/v2\/product\/332"}],"collection":[{"href":"https:\/\/actionmall.act.at\/shop\/2972\/en\/wp-json\/wp\/v2\/product"}],"about":[{"href":"https:\/\/actionmall.act.at\/shop\/2972\/en\/wp-json\/wp\/v2\/types\/product"}],"wp:featuredmedia":[{"embeddable":true,"href":"https:\/\/actionmall.act.at\/shop\/2972\/en\/wp-json\/wp\/v2\/media\/333"}],"wp:attachment":[{"href":"https:\/\/actionmall.act.at\/shop\/2972\/en\/wp-json\/wp\/v2\/media?parent=332"}],"wp:term":[{"taxonomy":"product_cat","embeddable":true,"href":"https:\/\/actionmall.act.at\/shop\/2972\/en\/wp-json\/wp\/v2\/product_cat?post=332"},{"taxonomy":"product_tag","embeddable":true,"href":"https:\/\/actionmall.act.at\/shop\/2972\/en\/wp-json\/wp\/v2\/product_tag?post=332"}],"curies":[{"name":"wp","href":"https:\/\/api.w.org\/{rel}","templated":true}]}}