{"id":286,"date":"2026-05-04T14:09:42","date_gmt":"2026-05-04T12:09:42","guid":{"rendered":"https:\/\/actionmall.act.at\/shop\/2973\/?post_type=product&#038;p=286"},"modified":"2026-05-04T14:09:42","modified_gmt":"2026-05-04T12:09:42","slug":"karten-set-gesundheit","status":"publish","type":"product","link":"https:\/\/actionmall.act.at\/shop\/2973\/en\/produkt\/karten-set-gesundheit\/","title":{"rendered":"Karten Set Gesundheit"},"content":{"rendered":"<p>Set &#8211; 7 St\u00fcck<\/p>\n<div>\n<h3>Affirmationskarten f\u00fcr Gesundheit &#038; Wohlbefinden<\/h3>\n<p>Diese Affirmationskarten unterst\u00fctzen dich dabei, dein <strong>Wohlbefinden<\/strong> und die <strong>Verbindung zu deinem K\u00f6rper<\/strong> achtsam zu st\u00e4rken.<\/p>\n<p>Liebevoll und positiv formulierte Botschaften helfen dir, den Fokus auf<br \/>\n<strong>Balance<\/strong>, <strong>Selbstf\u00fcrsorge<\/strong> und <strong>innere Ruhe<\/strong> zu richten.<\/p>\n<p>Sie sind ideal<br \/>\n\u2013 als <strong>t\u00e4gliches Ritual<\/strong>,<br \/>\n\u2013 f\u00fcr <strong>Meditation<\/strong><br \/>\n\u2013 oder als <strong>sanfte Erinnerung im Alltag<\/strong>.<\/p>\n<p>Auch wunderbar geeignet als <strong>Geschenk f\u00fcr dich selbst<\/strong> oder einen <strong>lieben Menschen<\/strong>.<\/p>\n<\/div>\n","protected":false},"excerpt":{"rendered":"<p>Set &#8211; 7 St\u00fcck Affirmationskarten f\u00fcr Gesundheit &#038; Wohlbefinden Diese Affirmationskarten unterst\u00fctzen dich dabei, dein Wohlbefinden und die Verbindung zu deinem K\u00f6rper achtsam zu st\u00e4rken. Liebevoll und positiv formulierte Botschaften helfen dir, den Fokus auf Balance, Selbstf\u00fcrsorge und innere Ruhe zu richten. Sie sind ideal \u2013 als t\u00e4gliches Ritual, \u2013 f\u00fcr Meditation \u2013 oder als [&hellip;]<\/p>\n","protected":false},"featured_media":287,"template":"","meta":[],"product_cat":[46],"product_tag":[],"class_list":{"0":"post-286","1":"product","2":"type-product","3":"status-publish","4":"has-post-thumbnail","6":"product_cat-gesundheit-und-wellness","8":"first","9":"instock","10":"taxable","11":"shipping-taxable","12":"purchasable","13":"product-type-simple"},"_links":{"self":[{"href":"https:\/\/actionmall.act.at\/shop\/2973\/en\/wp-json\/wp\/v2\/product\/286"}],"collection":[{"href":"https:\/\/actionmall.act.at\/shop\/2973\/en\/wp-json\/wp\/v2\/product"}],"about":[{"href":"https:\/\/actionmall.act.at\/shop\/2973\/en\/wp-json\/wp\/v2\/types\/product"}],"wp:featuredmedia":[{"embeddable":true,"href":"https:\/\/actionmall.act.at\/shop\/2973\/en\/wp-json\/wp\/v2\/media\/287"}],"wp:attachment":[{"href":"https:\/\/actionmall.act.at\/shop\/2973\/en\/wp-json\/wp\/v2\/media?parent=286"}],"wp:term":[{"taxonomy":"product_cat","embeddable":true,"href":"https:\/\/actionmall.act.at\/shop\/2973\/en\/wp-json\/wp\/v2\/product_cat?post=286"},{"taxonomy":"product_tag","embeddable":true,"href":"https:\/\/actionmall.act.at\/shop\/2973\/en\/wp-json\/wp\/v2\/product_tag?post=286"}],"curies":[{"name":"wp","href":"https:\/\/api.w.org\/{rel}","templated":true}]}}