{"id":290,"date":"2026-05-04T14:23:26","date_gmt":"2026-05-04T12:23:26","guid":{"rendered":"https:\/\/actionmall.act.at\/shop\/2973\/?post_type=product&#038;p=290"},"modified":"2026-05-04T14:35:29","modified_gmt":"2026-05-04T12:35:29","slug":"kartenset-glueck-klein","status":"publish","type":"product","link":"https:\/\/actionmall.act.at\/shop\/2973\/en\/produkt\/kartenset-glueck-klein\/","title":{"rendered":"Karten Set Gl\u00fcck"},"content":{"rendered":"<p>Set 7 St\u00fcck<\/p>\n<div>\n<h3>Affirmationskarten f\u00fcr Gl\u00fcck &#038; Lebensfreude<\/h3>\n<p>Diese Affirmationskarten unterst\u00fctzen dich dabei, <strong>Gl\u00fcck bewusster wahrzunehmen<\/strong> und mehr <strong>Lebensfreude<\/strong> in deinen Alltag einzuladen.<\/p>\n<p>Positive und liebevoll formulierte Botschaften helfen dir, den Fokus auf<br \/>\n<strong>Dankbarkeit<\/strong>, <strong>Leichtigkeit<\/strong> und <strong>innere Zufriedenheit<\/strong> zu richten.<\/p>\n<p>Sie sind ideal<br \/>\n\u2013 als <strong>t\u00e4gliches Ritual<\/strong>,<br \/>\n\u2013 f\u00fcr <strong>Meditation<\/strong><br \/>\n\u2013 oder als <strong>sanfte Erinnerung im Alltag<\/strong>.<\/p>\n<p>Auch wunderbar geeignet als <strong>Geschenk f\u00fcr dich selbst<\/strong> oder einen <strong>lieben Menschen<\/strong>.<\/p>\n<\/div>\n","protected":false},"excerpt":{"rendered":"<p>Set 7 St\u00fcck Affirmationskarten f\u00fcr Gl\u00fcck &#038; Lebensfreude Diese Affirmationskarten unterst\u00fctzen dich dabei, Gl\u00fcck bewusster wahrzunehmen und mehr Lebensfreude in deinen Alltag einzuladen. Positive und liebevoll formulierte Botschaften helfen dir, den Fokus auf Dankbarkeit, Leichtigkeit und innere Zufriedenheit zu richten. Sie sind ideal \u2013 als t\u00e4gliches Ritual, \u2013 f\u00fcr Meditation \u2013 oder als sanfte Erinnerung [&hellip;]<\/p>\n","protected":false},"featured_media":291,"template":"","meta":[],"product_cat":[46],"product_tag":[],"class_list":{"0":"post-290","1":"product","2":"type-product","3":"status-publish","4":"has-post-thumbnail","6":"product_cat-gesundheit-und-wellness","8":"first","9":"instock","10":"taxable","11":"shipping-taxable","12":"purchasable","13":"product-type-simple"},"_links":{"self":[{"href":"https:\/\/actionmall.act.at\/shop\/2973\/en\/wp-json\/wp\/v2\/product\/290"}],"collection":[{"href":"https:\/\/actionmall.act.at\/shop\/2973\/en\/wp-json\/wp\/v2\/product"}],"about":[{"href":"https:\/\/actionmall.act.at\/shop\/2973\/en\/wp-json\/wp\/v2\/types\/product"}],"wp:featuredmedia":[{"embeddable":true,"href":"https:\/\/actionmall.act.at\/shop\/2973\/en\/wp-json\/wp\/v2\/media\/291"}],"wp:attachment":[{"href":"https:\/\/actionmall.act.at\/shop\/2973\/en\/wp-json\/wp\/v2\/media?parent=290"}],"wp:term":[{"taxonomy":"product_cat","embeddable":true,"href":"https:\/\/actionmall.act.at\/shop\/2973\/en\/wp-json\/wp\/v2\/product_cat?post=290"},{"taxonomy":"product_tag","embeddable":true,"href":"https:\/\/actionmall.act.at\/shop\/2973\/en\/wp-json\/wp\/v2\/product_tag?post=290"}],"curies":[{"name":"wp","href":"https:\/\/api.w.org\/{rel}","templated":true}]}}