{"id":294,"date":"2026-05-04T14:41:35","date_gmt":"2026-05-04T12:41:35","guid":{"rendered":"https:\/\/actionmall.act.at\/shop\/2973\/?post_type=product&#038;p=294"},"modified":"2026-05-04T14:41:35","modified_gmt":"2026-05-04T12:41:35","slug":"karten-set-motivation","status":"publish","type":"product","link":"https:\/\/actionmall.act.at\/shop\/2973\/en\/produkt\/karten-set-motivation\/","title":{"rendered":"Karten Set Motivation"},"content":{"rendered":"<p>Set 7 St\u00fcck<\/p>\n<div>\n<h3>Affirmationskarten f\u00fcr Motivation &#038; innere St\u00e4rke<\/h3>\n<p>Diese Affirmationskarten unterst\u00fctzen dich dabei, <strong>deine Motivation zu st\u00e4rken<\/strong> und mit neuer <strong>Klarheit und Energie<\/strong> deinen Weg zu gehen.<\/p>\n<p>Positive und kraftvoll formulierte Botschaften helfen dir, den Fokus auf<br \/>\n<strong>Zuversicht<\/strong>, <strong>Durchhalteverm\u00f6gen<\/strong> und <strong>Selbstvertrauen<\/strong> zu richten.<\/p>\n<p>Sie sind ideal<br \/>\n\u2013 als <strong>t\u00e4glicher Motivationsimpuls<\/strong>,<br \/>\n\u2013 f\u00fcr <strong>Reflexion oder Meditation<\/strong><br \/>\n\u2013 oder als <strong>ermutigende Erinnerung im Alltag<\/strong>.<\/p>\n<p>Auch wunderbar geeignet als <strong>Geschenk f\u00fcr dich selbst<\/strong> oder einen <strong>lieben Menschen<\/strong>.<\/p>\n<\/div>\n","protected":false},"excerpt":{"rendered":"<p>Set 7 St\u00fcck Affirmationskarten f\u00fcr Motivation &#038; innere St\u00e4rke Diese Affirmationskarten unterst\u00fctzen dich dabei, deine Motivation zu st\u00e4rken und mit neuer Klarheit und Energie deinen Weg zu gehen. Positive und kraftvoll formulierte Botschaften helfen dir, den Fokus auf Zuversicht, Durchhalteverm\u00f6gen und Selbstvertrauen zu richten. Sie sind ideal \u2013 als t\u00e4glicher Motivationsimpuls, \u2013 f\u00fcr Reflexion oder [&hellip;]<\/p>\n","protected":false},"featured_media":295,"template":"","meta":[],"product_cat":[46],"product_tag":[],"class_list":{"0":"post-294","1":"product","2":"type-product","3":"status-publish","4":"has-post-thumbnail","6":"product_cat-gesundheit-und-wellness","8":"first","9":"instock","10":"taxable","11":"shipping-taxable","12":"purchasable","13":"product-type-simple"},"_links":{"self":[{"href":"https:\/\/actionmall.act.at\/shop\/2973\/en\/wp-json\/wp\/v2\/product\/294"}],"collection":[{"href":"https:\/\/actionmall.act.at\/shop\/2973\/en\/wp-json\/wp\/v2\/product"}],"about":[{"href":"https:\/\/actionmall.act.at\/shop\/2973\/en\/wp-json\/wp\/v2\/types\/product"}],"wp:featuredmedia":[{"embeddable":true,"href":"https:\/\/actionmall.act.at\/shop\/2973\/en\/wp-json\/wp\/v2\/media\/295"}],"wp:attachment":[{"href":"https:\/\/actionmall.act.at\/shop\/2973\/en\/wp-json\/wp\/v2\/media?parent=294"}],"wp:term":[{"taxonomy":"product_cat","embeddable":true,"href":"https:\/\/actionmall.act.at\/shop\/2973\/en\/wp-json\/wp\/v2\/product_cat?post=294"},{"taxonomy":"product_tag","embeddable":true,"href":"https:\/\/actionmall.act.at\/shop\/2973\/en\/wp-json\/wp\/v2\/product_tag?post=294"}],"curies":[{"name":"wp","href":"https:\/\/api.w.org\/{rel}","templated":true}]}}