{"id":288,"date":"2026-05-04T14:18:06","date_gmt":"2026-05-04T12:18:06","guid":{"rendered":"https:\/\/actionmall.act.at\/shop\/2973\/?post_type=product&#038;p=288"},"modified":"2026-05-04T14:18:06","modified_gmt":"2026-05-04T12:18:06","slug":"karten-set-liebe","status":"publish","type":"product","link":"https:\/\/actionmall.act.at\/shop\/2973\/produkt\/karten-set-liebe\/","title":{"rendered":"Karten Set Liebe"},"content":{"rendered":"<p>Set 7 St\u00fcck<\/p>\n<div>\n<h3>Affirmationskarten f\u00fcr Liebe &#038; Herzensverbindung<\/h3>\n<p>Diese Affirmationskarten unterst\u00fctzen dich dabei, <strong>Liebe bewusst zu f\u00fchlen<\/strong>, zu vertiefen und in dein Leben einzuladen.<\/p>\n<p>Liebevoll und positiv formulierte Botschaften helfen dir, den Fokus auf<br \/>\n<strong>Selbstliebe<\/strong>, <strong>Vertrauen<\/strong> und <strong>emotionale Verbundenheit<\/strong> zu richten.<\/p>\n<p>Sie sind ideal<br \/>\n\u2013 als <strong>t\u00e4gliches Ritual<\/strong>,<br \/>\n\u2013 f\u00fcr <strong>Meditation<\/strong><br \/>\n\u2013 oder als <strong>sanfte Erinnerung im Alltag<\/strong>.<\/p>\n<p>Auch wunderbar geeignet als <strong>Geschenk f\u00fcr dich selbst<\/strong> oder einen <strong>lieben Menschen<\/strong>.<\/p>\n<\/div>\n","protected":false},"excerpt":{"rendered":"<p>Set 7 St\u00fcck Affirmationskarten f\u00fcr Liebe &#038; Herzensverbindung Diese Affirmationskarten unterst\u00fctzen dich dabei, Liebe bewusst zu f\u00fchlen, zu vertiefen und in dein Leben einzuladen. Liebevoll und positiv formulierte Botschaften helfen dir, den Fokus auf Selbstliebe, Vertrauen und emotionale Verbundenheit zu richten. Sie sind ideal \u2013 als t\u00e4gliches Ritual, \u2013 f\u00fcr Meditation \u2013 oder als sanfte [&hellip;]<\/p>\n","protected":false},"featured_media":289,"template":"","meta":[],"product_cat":[46],"product_tag":[],"class_list":{"0":"post-288","1":"product","2":"type-product","3":"status-publish","4":"has-post-thumbnail","6":"product_cat-gesundheit-und-wellness","8":"first","9":"instock","10":"taxable","11":"shipping-taxable","12":"purchasable","13":"product-type-simple"},"_links":{"self":[{"href":"https:\/\/actionmall.act.at\/shop\/2973\/wp-json\/wp\/v2\/product\/288"}],"collection":[{"href":"https:\/\/actionmall.act.at\/shop\/2973\/wp-json\/wp\/v2\/product"}],"about":[{"href":"https:\/\/actionmall.act.at\/shop\/2973\/wp-json\/wp\/v2\/types\/product"}],"wp:featuredmedia":[{"embeddable":true,"href":"https:\/\/actionmall.act.at\/shop\/2973\/wp-json\/wp\/v2\/media\/289"}],"wp:attachment":[{"href":"https:\/\/actionmall.act.at\/shop\/2973\/wp-json\/wp\/v2\/media?parent=288"}],"wp:term":[{"taxonomy":"product_cat","embeddable":true,"href":"https:\/\/actionmall.act.at\/shop\/2973\/wp-json\/wp\/v2\/product_cat?post=288"},{"taxonomy":"product_tag","embeddable":true,"href":"https:\/\/actionmall.act.at\/shop\/2973\/wp-json\/wp\/v2\/product_tag?post=288"}],"curies":[{"name":"wp","href":"https:\/\/api.w.org\/{rel}","templated":true}]}}