{"id":277,"date":"2025-11-13T09:12:43","date_gmt":"2025-11-13T08:12:43","guid":{"rendered":"https:\/\/actionmall.act.at\/shop\/2981\/?post_type=product&#038;p=277"},"modified":"2025-11-20T08:04:51","modified_gmt":"2025-11-20T07:04:51","slug":"adventskalender-personalisierbar","status":"publish","type":"product","link":"https:\/\/actionmall.act.at\/shop\/2981\/en\/produkt\/adventskalender-personalisierbar\/","title":{"rendered":"Adventskalender personalisierbar"},"content":{"rendered":"<p><strong>BrandMe Adventskalender<\/strong><\/p>\n<p>personalisierbarer Adventskalender mit 24 T\u00fcrchen voller t\u00e4glicher \u00dcberraschungen f\u00fcr die Weihnachtszeit.<\/p>\n<p>Bruttogewicht: 410g<\/p>\n","protected":false},"excerpt":{"rendered":"<p>BrandMe Adventskalender personalisierbarer Adventskalender mit 24 T\u00fcrchen voller t\u00e4glicher \u00dcberraschungen f\u00fcr die Weihnachtszeit. Bruttogewicht: 410g<\/p>\n","protected":false},"featured_media":278,"template":"","meta":[],"product_cat":[],"product_tag":[],"class_list":{"0":"post-277","1":"product","2":"type-product","3":"status-publish","4":"has-post-thumbnail","7":"first","8":"instock","9":"sale","10":"taxable","11":"shipping-taxable","12":"purchasable","13":"product-type-simple"},"_links":{"self":[{"href":"https:\/\/actionmall.act.at\/shop\/2981\/en\/wp-json\/wp\/v2\/product\/277"}],"collection":[{"href":"https:\/\/actionmall.act.at\/shop\/2981\/en\/wp-json\/wp\/v2\/product"}],"about":[{"href":"https:\/\/actionmall.act.at\/shop\/2981\/en\/wp-json\/wp\/v2\/types\/product"}],"wp:featuredmedia":[{"embeddable":true,"href":"https:\/\/actionmall.act.at\/shop\/2981\/en\/wp-json\/wp\/v2\/media\/278"}],"wp:attachment":[{"href":"https:\/\/actionmall.act.at\/shop\/2981\/en\/wp-json\/wp\/v2\/media?parent=277"}],"wp:term":[{"taxonomy":"product_cat","embeddable":true,"href":"https:\/\/actionmall.act.at\/shop\/2981\/en\/wp-json\/wp\/v2\/product_cat?post=277"},{"taxonomy":"product_tag","embeddable":true,"href":"https:\/\/actionmall.act.at\/shop\/2981\/en\/wp-json\/wp\/v2\/product_tag?post=277"}],"curies":[{"name":"wp","href":"https:\/\/api.w.org\/{rel}","templated":true}]}}