{"id":315,"date":"2026-03-26T08:57:28","date_gmt":"2026-03-26T07:57:28","guid":{"rendered":"https:\/\/actionmall.act.at\/shop\/2981\/?post_type=product&#038;p=315"},"modified":"2026-03-26T08:57:29","modified_gmt":"2026-03-26T07:57:29","slug":"personalisierbare-laptoptasche-leder-m","status":"publish","type":"product","link":"https:\/\/actionmall.act.at\/shop\/2981\/produkt\/personalisierbare-laptoptasche-leder-m\/","title":{"rendered":"personalisierbare Laptoptasche Leder M"},"content":{"rendered":"<p>Gr\u00f6\u00dfe M<\/p>\n<p><span data-contrast=\"auto\">individuell personalisiert mit Logo (Pr\u00e4gung)<\/span><span data-ccp-props=\"{}\">\u00a0<\/span><\/p>\n<p><span data-contrast=\"auto\">Hochwertige Premium-Laptoptasche aus nachhaltig verarbeitetem Leder<\/span><br \/>\n<span data-contrast=\"auto\">Ideal f\u00fcr Business, B\u00fcro &#038; Reisen<\/span><br \/>\n<span data-contrast=\"auto\">Zeitloses Design kombiniert mit Langlebigkeit<\/span><span data-ccp-props=\"{}\">\u00a0<\/span><\/p>\n<ul>\n<li data-leveltext=\"\uf0b7\" data-font=\"Symbol\" data-listid=\"1\" data-list-defn-props=\"{\"335552541\":1,\"335559685\":720,\"335559991\":360,\"469769226\":\"Symbol\",\"469769242\":[8226],\"469777803\":\"left\",\"469777804\":\"\uf0b7\",\"469777815\":\"multilevel\"}\" data-aria-posinset=\"1\" data-aria-level=\"1\"><span data-contrast=\"auto\">Wasserabweisend &#038; robust\u00a0<\/span><span data-ccp-props=\"{}\">\u00a0<\/span><\/li>\n<\/ul>\n<ul>\n<li data-leveltext=\"\uf0b7\" data-font=\"Symbol\" data-listid=\"1\" data-list-defn-props=\"{\"335552541\":1,\"335559685\":720,\"335559991\":360,\"469769226\":\"Symbol\",\"469769242\":[8226],\"469777803\":\"left\",\"469777804\":\"\uf0b7\",\"469777815\":\"multilevel\"}\" data-aria-posinset=\"2\" data-aria-level=\"1\"><span data-contrast=\"auto\">Mehrere Innen- &#038; Au\u00dfentaschen mit Rei\u00dfverschluss\u00a0<\/span><span data-ccp-props=\"{}\">\u00a0<\/span><\/li>\n<\/ul>\n<ul>\n<li data-leveltext=\"\uf0b7\" data-font=\"Symbol\" data-listid=\"1\" data-list-defn-props=\"{\"335552541\":1,\"335559685\":720,\"335559991\":360,\"469769226\":\"Symbol\",\"469769242\":[8226],\"469777803\":\"left\",\"469777804\":\"\uf0b7\",\"469777815\":\"multilevel\"}\" data-aria-posinset=\"3\" data-aria-level=\"1\"><span data-contrast=\"auto\">Tragegriff &#038; verstellbarer Schulterriemen\u00a0<\/span><span data-ccp-props=\"{}\">\u00a0<\/span><\/li>\n<\/ul>\n<p><b><span data-contrast=\"auto\">Au\u00dfenstoff:<\/span><\/b><span data-contrast=\"auto\">\u00a0Echtleder aus verantwortungsvoller Produktion<\/span><br \/>\n<b><span data-contrast=\"auto\">Innenfutter:<\/span><\/b><span data-contrast=\"auto\">\u00a0Recyceltes Polyester<\/span><span data-ccp-props=\"{}\">\u00a0<\/span><\/p>\n<p><b><span data-contrast=\"auto\">Besonderheit:<\/span><\/b><span data-contrast=\"auto\">\u00a0Langlebiges Produkt f\u00fcr nachhaltige Nutzung<\/span><span data-ccp-props=\"{}\">\u00a0<\/span><\/p>\n<p><b><span data-contrast=\"auto\">Nettogewicht:<\/span><\/b><span data-contrast=\"auto\">\u00a0ca. 1.200 g<\/span><br \/>\n<b><span data-contrast=\"auto\">Bruttogewicht:<\/span><\/b><span data-contrast=\"auto\">\u00a0ca. 1.400 g<\/span><span data-ccp-props=\"{}\">\u00a0<\/span><\/p>\n","protected":false},"excerpt":{"rendered":"<p>Gr\u00f6\u00dfe M individuell personalisiert mit Logo (Pr\u00e4gung)\u00a0 Hochwertige Premium-Laptoptasche aus nachhaltig verarbeitetem Leder Ideal f\u00fcr Business, B\u00fcro &#038; Reisen Zeitloses Design kombiniert mit Langlebigkeit\u00a0 Wasserabweisend &#038; robust\u00a0\u00a0 Mehrere Innen- &#038; Au\u00dfentaschen mit Rei\u00dfverschluss\u00a0\u00a0 Tragegriff &#038; verstellbarer Schulterriemen\u00a0\u00a0 Au\u00dfenstoff:\u00a0Echtleder aus verantwortungsvoller Produktion Innenfutter:\u00a0Recyceltes Polyester\u00a0 Besonderheit:\u00a0Langlebiges Produkt f\u00fcr nachhaltige Nutzung\u00a0 Nettogewicht:\u00a0ca. 1.200 g Bruttogewicht:\u00a0ca. 1.400 g\u00a0<\/p>\n","protected":false},"featured_media":316,"template":"","meta":[],"product_cat":[35],"product_tag":[],"class_list":{"0":"post-315","1":"product","2":"type-product","3":"status-publish","4":"has-post-thumbnail","6":"product_cat-bekleidung-und-zubehoer","8":"first","9":"instock","10":"taxable","11":"shipping-taxable","12":"purchasable","13":"product-type-simple"},"_links":{"self":[{"href":"https:\/\/actionmall.act.at\/shop\/2981\/wp-json\/wp\/v2\/product\/315"}],"collection":[{"href":"https:\/\/actionmall.act.at\/shop\/2981\/wp-json\/wp\/v2\/product"}],"about":[{"href":"https:\/\/actionmall.act.at\/shop\/2981\/wp-json\/wp\/v2\/types\/product"}],"wp:featuredmedia":[{"embeddable":true,"href":"https:\/\/actionmall.act.at\/shop\/2981\/wp-json\/wp\/v2\/media\/316"}],"wp:attachment":[{"href":"https:\/\/actionmall.act.at\/shop\/2981\/wp-json\/wp\/v2\/media?parent=315"}],"wp:term":[{"taxonomy":"product_cat","embeddable":true,"href":"https:\/\/actionmall.act.at\/shop\/2981\/wp-json\/wp\/v2\/product_cat?post=315"},{"taxonomy":"product_tag","embeddable":true,"href":"https:\/\/actionmall.act.at\/shop\/2981\/wp-json\/wp\/v2\/product_tag?post=315"}],"curies":[{"name":"wp","href":"https:\/\/api.w.org\/{rel}","templated":true}]}}