{"id":334,"date":"2026-01-12T09:26:18","date_gmt":"2026-01-12T08:26:18","guid":{"rendered":"https:\/\/actionmall.act.at\/shop\/2982\/?post_type=product&#038;p=334"},"modified":"2026-04-20T08:25:03","modified_gmt":"2026-04-20T06:25:03","slug":"3d-drucker","status":"publish","type":"product","link":"https:\/\/actionmall.act.at\/shop\/2982\/produkt\/3d-drucker\/","title":{"rendered":"3D Drucker"},"content":{"rendered":"<table width=\"990\">\n<tbody>\n<tr>\n<td width=\"990\">Moderner 3D-Drucker mit geschlossenem Bauraum<br \/>\nLeistungsstarker 3D-Drucker im kompakten W\u00fcrfeldesign mit transparentem Geh\u00e4use. Ideal f\u00fcr pr\u00e4zise Drucke, da die geschlossene Baukammer konstante Temperaturen erm\u00f6glicht. Perfekt f\u00fcr Schule, Hobby und Prototypenbau.<\/td>\n<\/tr>\n<\/tbody>\n<\/table>\n","protected":false},"excerpt":{"rendered":"<p>Moderner 3D-Drucker mit geschlossenem Bauraum Leistungsstarker 3D-Drucker im kompakten W\u00fcrfeldesign mit transparentem Geh\u00e4use. Ideal f\u00fcr pr\u00e4zise Drucke, da die geschlossene Baukammer konstante Temperaturen erm\u00f6glicht. Perfekt f\u00fcr Schule, Hobby und Prototypenbau.<\/p>\n","protected":false},"featured_media":335,"template":"","meta":[],"product_cat":[47,58],"product_tag":[],"class_list":{"0":"post-334","1":"product","2":"type-product","3":"status-publish","4":"has-post-thumbnail","6":"product_cat-buero-und-bueroeinrichtung","7":"product_cat-it-und-elektronik","9":"first","10":"instock","11":"taxable","12":"shipping-taxable","13":"purchasable","14":"product-type-simple"},"_links":{"self":[{"href":"https:\/\/actionmall.act.at\/shop\/2982\/wp-json\/wp\/v2\/product\/334"}],"collection":[{"href":"https:\/\/actionmall.act.at\/shop\/2982\/wp-json\/wp\/v2\/product"}],"about":[{"href":"https:\/\/actionmall.act.at\/shop\/2982\/wp-json\/wp\/v2\/types\/product"}],"wp:featuredmedia":[{"embeddable":true,"href":"https:\/\/actionmall.act.at\/shop\/2982\/wp-json\/wp\/v2\/media\/335"}],"wp:attachment":[{"href":"https:\/\/actionmall.act.at\/shop\/2982\/wp-json\/wp\/v2\/media?parent=334"}],"wp:term":[{"taxonomy":"product_cat","embeddable":true,"href":"https:\/\/actionmall.act.at\/shop\/2982\/wp-json\/wp\/v2\/product_cat?post=334"},{"taxonomy":"product_tag","embeddable":true,"href":"https:\/\/actionmall.act.at\/shop\/2982\/wp-json\/wp\/v2\/product_tag?post=334"}],"curies":[{"name":"wp","href":"https:\/\/api.w.org\/{rel}","templated":true}]}}