{"id":263,"date":"2025-10-07T16:54:11","date_gmt":"2025-10-07T14:54:11","guid":{"rendered":"https:\/\/actionmall.act.at\/shop\/2983\/?post_type=product&#038;p=263"},"modified":"2025-10-14T13:56:50","modified_gmt":"2025-10-14T11:56:50","slug":"kaerntner-milch-glundner-kaese","status":"publish","type":"product","link":"https:\/\/actionmall.act.at\/shop\/2983\/en\/produkt\/kaerntner-milch-glundner-kaese\/","title":{"rendered":"K\u00e4rntner Milch Glundner K\u00e4se"},"content":{"rendered":"<p>kr\u00e4ftiger Jausenk\u00e4se<\/p>\n","protected":false},"excerpt":{"rendered":"<p>kr\u00e4ftiger Jausenk\u00e4se<\/p>\n","protected":false},"featured_media":264,"template":"","meta":[],"product_cat":[],"product_tag":[],"class_list":{"0":"post-263","1":"product","2":"type-product","3":"status-publish","4":"has-post-thumbnail","7":"first","8":"instock","9":"taxable","10":"shipping-taxable","11":"purchasable","12":"product-type-simple"},"_links":{"self":[{"href":"https:\/\/actionmall.act.at\/shop\/2983\/en\/wp-json\/wp\/v2\/product\/263"}],"collection":[{"href":"https:\/\/actionmall.act.at\/shop\/2983\/en\/wp-json\/wp\/v2\/product"}],"about":[{"href":"https:\/\/actionmall.act.at\/shop\/2983\/en\/wp-json\/wp\/v2\/types\/product"}],"wp:featuredmedia":[{"embeddable":true,"href":"https:\/\/actionmall.act.at\/shop\/2983\/en\/wp-json\/wp\/v2\/media\/264"}],"wp:attachment":[{"href":"https:\/\/actionmall.act.at\/shop\/2983\/en\/wp-json\/wp\/v2\/media?parent=263"}],"wp:term":[{"taxonomy":"product_cat","embeddable":true,"href":"https:\/\/actionmall.act.at\/shop\/2983\/en\/wp-json\/wp\/v2\/product_cat?post=263"},{"taxonomy":"product_tag","embeddable":true,"href":"https:\/\/actionmall.act.at\/shop\/2983\/en\/wp-json\/wp\/v2\/product_tag?post=263"}],"curies":[{"name":"wp","href":"https:\/\/api.w.org\/{rel}","templated":true}]}}