{"id":266,"date":"2025-10-07T16:56:18","date_gmt":"2025-10-07T14:56:18","guid":{"rendered":"https:\/\/actionmall.act.at\/shop\/2983\/?post_type=product&#038;p=266"},"modified":"2025-10-14T13:56:35","modified_gmt":"2025-10-14T11:56:35","slug":"kaerntner-milch-mascarpone-gross","status":"publish","type":"product","link":"https:\/\/actionmall.act.at\/shop\/2983\/en\/produkt\/kaerntner-milch-mascarpone-gross\/","title":{"rendered":"K\u00e4rntner Milch Mascarpone gro\u00df"},"content":{"rendered":"<p>cremiger Frischk\u00e4se<\/p>\n","protected":false},"excerpt":{"rendered":"<p>cremiger Frischk\u00e4se<\/p>\n","protected":false},"featured_media":267,"template":"","meta":[],"product_cat":[],"product_tag":[],"class_list":{"0":"post-266","1":"product","2":"type-product","3":"status-publish","4":"has-post-thumbnail","7":"first","8":"instock","9":"taxable","10":"shipping-taxable","11":"purchasable","12":"product-type-simple"},"_links":{"self":[{"href":"https:\/\/actionmall.act.at\/shop\/2983\/en\/wp-json\/wp\/v2\/product\/266"}],"collection":[{"href":"https:\/\/actionmall.act.at\/shop\/2983\/en\/wp-json\/wp\/v2\/product"}],"about":[{"href":"https:\/\/actionmall.act.at\/shop\/2983\/en\/wp-json\/wp\/v2\/types\/product"}],"wp:featuredmedia":[{"embeddable":true,"href":"https:\/\/actionmall.act.at\/shop\/2983\/en\/wp-json\/wp\/v2\/media\/267"}],"wp:attachment":[{"href":"https:\/\/actionmall.act.at\/shop\/2983\/en\/wp-json\/wp\/v2\/media?parent=266"}],"wp:term":[{"taxonomy":"product_cat","embeddable":true,"href":"https:\/\/actionmall.act.at\/shop\/2983\/en\/wp-json\/wp\/v2\/product_cat?post=266"},{"taxonomy":"product_tag","embeddable":true,"href":"https:\/\/actionmall.act.at\/shop\/2983\/en\/wp-json\/wp\/v2\/product_tag?post=266"}],"curies":[{"name":"wp","href":"https:\/\/api.w.org\/{rel}","templated":true}]}}