{"id":285,"date":"2025-10-14T14:09:45","date_gmt":"2025-10-14T12:09:45","guid":{"rendered":"https:\/\/actionmall.act.at\/shop\/2983\/?post_type=product&#038;p=285"},"modified":"2025-10-14T14:09:45","modified_gmt":"2025-10-14T12:09:45","slug":"kaerntnermilch-kraeuterbutter","status":"publish","type":"product","link":"https:\/\/actionmall.act.at\/shop\/2983\/en\/produkt\/kaerntnermilch-kraeuterbutter\/","title":{"rendered":"K\u00e4rntnermilch Kr\u00e4uterbutter"},"content":{"rendered":"<p>65 % Fett, 100g, feine W\u00fcrze f\u00fcr die K\u00fcche<\/p>\n","protected":false},"excerpt":{"rendered":"<p>65 % Fett, 100g, feine W\u00fcrze f\u00fcr die K\u00fcche<\/p>\n","protected":false},"featured_media":286,"template":"","meta":[],"product_cat":[],"product_tag":[],"class_list":{"0":"post-285","1":"product","2":"type-product","3":"status-publish","4":"has-post-thumbnail","7":"first","8":"instock","9":"taxable","10":"shipping-taxable","11":"purchasable","12":"product-type-simple"},"_links":{"self":[{"href":"https:\/\/actionmall.act.at\/shop\/2983\/en\/wp-json\/wp\/v2\/product\/285"}],"collection":[{"href":"https:\/\/actionmall.act.at\/shop\/2983\/en\/wp-json\/wp\/v2\/product"}],"about":[{"href":"https:\/\/actionmall.act.at\/shop\/2983\/en\/wp-json\/wp\/v2\/types\/product"}],"wp:featuredmedia":[{"embeddable":true,"href":"https:\/\/actionmall.act.at\/shop\/2983\/en\/wp-json\/wp\/v2\/media\/286"}],"wp:attachment":[{"href":"https:\/\/actionmall.act.at\/shop\/2983\/en\/wp-json\/wp\/v2\/media?parent=285"}],"wp:term":[{"taxonomy":"product_cat","embeddable":true,"href":"https:\/\/actionmall.act.at\/shop\/2983\/en\/wp-json\/wp\/v2\/product_cat?post=285"},{"taxonomy":"product_tag","embeddable":true,"href":"https:\/\/actionmall.act.at\/shop\/2983\/en\/wp-json\/wp\/v2\/product_tag?post=285"}],"curies":[{"name":"wp","href":"https:\/\/api.w.org\/{rel}","templated":true}]}}