{"id":283,"date":"2025-10-14T14:11:38","date_gmt":"2025-10-14T12:11:38","guid":{"rendered":"https:\/\/actionmall.act.at\/shop\/2983\/?post_type=product&#038;p=283"},"modified":"2025-10-14T14:11:38","modified_gmt":"2025-10-14T12:11:38","slug":"kaerntnermilch-drautaler-2","status":"publish","type":"product","link":"https:\/\/actionmall.act.at\/shop\/2983\/produkt\/kaerntnermilch-drautaler-2\/","title":{"rendered":"K\u00e4rntnermilch Drautaler"},"content":{"rendered":"<p>100% K\u00e4rtnerischer K\u00e4se<\/p>\n","protected":false},"excerpt":{"rendered":"<p>100% K\u00e4rtnerischer K\u00e4se<\/p>\n","protected":false},"featured_media":291,"template":"","meta":[],"product_cat":[],"product_tag":[],"class_list":{"0":"post-283","1":"product","2":"type-product","3":"status-publish","4":"has-post-thumbnail","7":"first","8":"instock","9":"taxable","10":"shipping-taxable","11":"purchasable","12":"product-type-simple"},"_links":{"self":[{"href":"https:\/\/actionmall.act.at\/shop\/2983\/wp-json\/wp\/v2\/product\/283"}],"collection":[{"href":"https:\/\/actionmall.act.at\/shop\/2983\/wp-json\/wp\/v2\/product"}],"about":[{"href":"https:\/\/actionmall.act.at\/shop\/2983\/wp-json\/wp\/v2\/types\/product"}],"wp:featuredmedia":[{"embeddable":true,"href":"https:\/\/actionmall.act.at\/shop\/2983\/wp-json\/wp\/v2\/media\/291"}],"wp:attachment":[{"href":"https:\/\/actionmall.act.at\/shop\/2983\/wp-json\/wp\/v2\/media?parent=283"}],"wp:term":[{"taxonomy":"product_cat","embeddable":true,"href":"https:\/\/actionmall.act.at\/shop\/2983\/wp-json\/wp\/v2\/product_cat?post=283"},{"taxonomy":"product_tag","embeddable":true,"href":"https:\/\/actionmall.act.at\/shop\/2983\/wp-json\/wp\/v2\/product_tag?post=283"}],"curies":[{"name":"wp","href":"https:\/\/api.w.org\/{rel}","templated":true}]}}