{"id":275,"date":"2026-03-03T16:06:34","date_gmt":"2026-03-03T15:06:34","guid":{"rendered":"https:\/\/actionmall.act.at\/shop\/2992\/?post_type=product&#038;p=275"},"modified":"2026-03-24T14:55:03","modified_gmt":"2026-03-24T13:55:03","slug":"social-media-fuer-fortgeschrittene-kurs","status":"publish","type":"product","link":"https:\/\/actionmall.act.at\/shop\/2992\/produkt\/social-media-fuer-fortgeschrittene-kurs\/","title":{"rendered":"Social Media f\u00fcr Fortgeschrittene &#8211; Kurs"},"content":{"rendered":"<p><strong><em>Was wir Ihnen bieten:<\/em><\/strong><\/p>\n<p>Linkedin f\u00fcr B2B-Marketing<\/p>\n<p>Instagram &#038; TikTok Strategien<\/p>\n<p>Algorithmen verstehen<\/p>\n<p>Mehr Details: siehe unten<!--more--><\/p>\n<p><span data-contrast=\"auto\">Social\u00a0Media f\u00fcr Fortgeschrittene richtet sich an Unternehmen, die ihre Pr\u00e4senz auf LinkedIn (B2B), Instagram und TikTok gezielt ausbauen m\u00f6chten. Wir vermitteln ein klares Verst\u00e4ndnis f\u00fcr Algorithmen, zeigen, wie Trends authentisch umgesetzt werden, und sch\u00e4rfen Zielgruppenansprache sowie Branding. Erg\u00e4nzend geben wir Tools und praktische Tipps f\u00fcr eine effiziente Content-Produktion.<\/span><span data-ccp-props=\"{}\">\u00a0<\/span><\/p>\n","protected":false},"excerpt":{"rendered":"<p>Was wir Ihnen bieten: Linkedin f\u00fcr B2B-Marketing Instagram &#038; TikTok Strategien Algorithmen verstehen Mehr Details: siehe unten<\/p>\n","protected":false},"featured_media":276,"template":"","meta":[],"product_cat":[58,59,61],"product_tag":[],"class_list":{"0":"post-275","1":"product","2":"type-product","3":"status-publish","4":"has-post-thumbnail","6":"product_cat-it-und-elektronik","7":"product_cat-werbung-marketing-und-medien","8":"product_cat-dienstleistungen-und-oeffentliche-versorgung","10":"first","11":"instock","12":"taxable","13":"shipping-taxable","14":"purchasable","15":"product-type-simple"},"_links":{"self":[{"href":"https:\/\/actionmall.act.at\/shop\/2992\/wp-json\/wp\/v2\/product\/275"}],"collection":[{"href":"https:\/\/actionmall.act.at\/shop\/2992\/wp-json\/wp\/v2\/product"}],"about":[{"href":"https:\/\/actionmall.act.at\/shop\/2992\/wp-json\/wp\/v2\/types\/product"}],"wp:featuredmedia":[{"embeddable":true,"href":"https:\/\/actionmall.act.at\/shop\/2992\/wp-json\/wp\/v2\/media\/276"}],"wp:attachment":[{"href":"https:\/\/actionmall.act.at\/shop\/2992\/wp-json\/wp\/v2\/media?parent=275"}],"wp:term":[{"taxonomy":"product_cat","embeddable":true,"href":"https:\/\/actionmall.act.at\/shop\/2992\/wp-json\/wp\/v2\/product_cat?post=275"},{"taxonomy":"product_tag","embeddable":true,"href":"https:\/\/actionmall.act.at\/shop\/2992\/wp-json\/wp\/v2\/product_tag?post=275"}],"curies":[{"name":"wp","href":"https:\/\/api.w.org\/{rel}","templated":true}]}}