{"id":277,"date":"2026-03-03T16:13:28","date_gmt":"2026-03-03T15:13:28","guid":{"rendered":"https:\/\/actionmall.act.at\/shop\/2992\/?post_type=product&#038;p=277"},"modified":"2026-03-24T14:55:43","modified_gmt":"2026-03-24T13:55:43","slug":"content-creation-tools-kurs","status":"publish","type":"product","link":"https:\/\/actionmall.act.at\/shop\/2992\/produkt\/content-creation-tools-kurs\/","title":{"rendered":"Content Creation &#038; Tools &#8211; Kurs"},"content":{"rendered":"<p><strong><em>Was wir Ihnen bieten:<\/em><\/strong><\/p>\n<p>Tools zur einfachen Content<\/p>\n<p>Erstellung (z.B. Canva, CapCut)<\/p>\n<p>Trends erkennen &#038; authentisch umsetzen<\/p>\n<p>Mehr Details: siehe unten<\/p>\n<p><!--more--><\/p>\n<p><span data-contrast=\"auto\">In diesem Kurs lernst du, mit einfachen Tools professionellen Content zu erstellen \u2013 schnell, kreativ und ohne Vorkenntnisse (z. B. mit Tools wie\u00a0Canva\u00a0oder\u00a0CapCut).<\/span><span data-ccp-props=\"{}\">\u00a0<\/span><\/p>\n<p><span data-contrast=\"auto\">Au\u00dferdem erf\u00e4hrst du, wie du Trends erkennst, strategisch nutzt und authentisch f\u00fcr deine Marke umsetzt, sodass dein Content sichtbar wirkt und bei deiner Zielgruppe ankommt.<\/span><span data-ccp-props=\"{}\">\u00a0<\/span><\/p>\n","protected":false},"excerpt":{"rendered":"<p>Was wir Ihnen bieten: Tools zur einfachen Content Erstellung (z.B. Canva, CapCut) Trends erkennen &#038; authentisch umsetzen Mehr Details: siehe unten<\/p>\n","protected":false},"featured_media":278,"template":"","meta":[],"product_cat":[58,59,61],"product_tag":[],"class_list":{"0":"post-277","1":"product","2":"type-product","3":"status-publish","4":"has-post-thumbnail","6":"product_cat-it-und-elektronik","7":"product_cat-werbung-marketing-und-medien","8":"product_cat-dienstleistungen-und-oeffentliche-versorgung","10":"first","11":"instock","12":"taxable","13":"shipping-taxable","14":"purchasable","15":"product-type-simple"},"_links":{"self":[{"href":"https:\/\/actionmall.act.at\/shop\/2992\/wp-json\/wp\/v2\/product\/277"}],"collection":[{"href":"https:\/\/actionmall.act.at\/shop\/2992\/wp-json\/wp\/v2\/product"}],"about":[{"href":"https:\/\/actionmall.act.at\/shop\/2992\/wp-json\/wp\/v2\/types\/product"}],"wp:featuredmedia":[{"embeddable":true,"href":"https:\/\/actionmall.act.at\/shop\/2992\/wp-json\/wp\/v2\/media\/278"}],"wp:attachment":[{"href":"https:\/\/actionmall.act.at\/shop\/2992\/wp-json\/wp\/v2\/media?parent=277"}],"wp:term":[{"taxonomy":"product_cat","embeddable":true,"href":"https:\/\/actionmall.act.at\/shop\/2992\/wp-json\/wp\/v2\/product_cat?post=277"},{"taxonomy":"product_tag","embeddable":true,"href":"https:\/\/actionmall.act.at\/shop\/2992\/wp-json\/wp\/v2\/product_tag?post=277"}],"curies":[{"name":"wp","href":"https:\/\/api.w.org\/{rel}","templated":true}]}}