{"id":258,"date":"2026-04-16T07:58:19","date_gmt":"2026-04-16T05:58:19","guid":{"rendered":"https:\/\/actionmall.act.at\/shop\/2993\/?post_type=product&#038;p=258"},"modified":"2026-04-16T08:15:54","modified_gmt":"2026-04-16T06:15:54","slug":"traunstrom-energizer-laptop","status":"publish","type":"product","link":"https:\/\/actionmall.act.at\/shop\/2993\/en\/produkt\/traunstrom-energizer-laptop\/","title":{"rendered":"Traunstrom-Energizer Laptop"},"content":{"rendered":"<p><strong><img loading=\"lazy\" decoding=\"async\" class=\"alignnone size-medium wp-image-271\" src=\"https:\/\/actionmall.act.at\/shop\/2993\/wp-content\/uploads\/2026\/04\/5fa8c237_c0d1_4724_b2bc_65e1d2de9a20-300x200.jpg\" alt=\"\" width=\"300\" height=\"200\" srcset=\"https:\/\/actionmall.act.at\/shop\/2993\/wp-content\/uploads\/2026\/04\/5fa8c237_c0d1_4724_b2bc_65e1d2de9a20-300x200.jpg 300w, https:\/\/actionmall.act.at\/shop\/2993\/wp-content\/uploads\/2026\/04\/5fa8c237_c0d1_4724_b2bc_65e1d2de9a20-1024x683.jpg 1024w, https:\/\/actionmall.act.at\/shop\/2993\/wp-content\/uploads\/2026\/04\/5fa8c237_c0d1_4724_b2bc_65e1d2de9a20-768x512.jpg 768w, https:\/\/actionmall.act.at\/shop\/2993\/wp-content\/uploads\/2026\/04\/5fa8c237_c0d1_4724_b2bc_65e1d2de9a20-416x277.jpg 416w, https:\/\/actionmall.act.at\/shop\/2993\/wp-content\/uploads\/2026\/04\/5fa8c237_c0d1_4724_b2bc_65e1d2de9a20.jpg 1536w\" sizes=\"(max-width: 300px) 100vw, 300px\" \/>Leistungsstarker Business-Laptop <\/strong>mit <strong>Intel Core i7 Prozessor<\/strong>, <strong>16 GB RAM<\/strong> und einer <strong>business-tauglichen Grafikkarte<\/strong> f\u00fcr eine fl\u00fcssige Performance. Die <strong>1 TB SSD<\/strong> sorgt f\u00fcr schnellen Speicherzugriff, w\u00e4hrend das <strong>15-Zoll Full-HD-Display<\/strong> scharfe Bilder liefert. Mit <strong>8\u201310 Stunden Akkulaufzeit<\/strong> und Anschl\u00fcssen wie <strong>USB-A, USB-C, HDMI und AUX<\/strong> ist er ideal f\u00fcr mobiles Arbeiten.<\/p>\n","protected":false},"excerpt":{"rendered":"<p>Leistungsstarker Business-Laptop mit Intel Core i7 Prozessor, 16 GB RAM und einer business-tauglichen Grafikkarte f\u00fcr eine fl\u00fcssige Performance. Die 1 TB SSD sorgt f\u00fcr schnellen Speicherzugriff, w\u00e4hrend das 15-Zoll Full-HD-Display scharfe Bilder liefert. Mit 8\u201310 Stunden Akkulaufzeit und Anschl\u00fcssen wie USB-A, USB-C, HDMI und AUX ist er ideal f\u00fcr mobiles Arbeiten.<\/p>\n","protected":false},"featured_media":272,"template":"","meta":[],"product_cat":[34],"product_tag":[],"class_list":{"0":"post-258","1":"product","2":"type-product","3":"status-publish","4":"has-post-thumbnail","6":"product_cat-autos-und-fahrzeuge","8":"first","9":"instock","10":"taxable","11":"shipping-taxable","12":"purchasable","13":"product-type-simple"},"_links":{"self":[{"href":"https:\/\/actionmall.act.at\/shop\/2993\/en\/wp-json\/wp\/v2\/product\/258"}],"collection":[{"href":"https:\/\/actionmall.act.at\/shop\/2993\/en\/wp-json\/wp\/v2\/product"}],"about":[{"href":"https:\/\/actionmall.act.at\/shop\/2993\/en\/wp-json\/wp\/v2\/types\/product"}],"wp:featuredmedia":[{"embeddable":true,"href":"https:\/\/actionmall.act.at\/shop\/2993\/en\/wp-json\/wp\/v2\/media\/272"}],"wp:attachment":[{"href":"https:\/\/actionmall.act.at\/shop\/2993\/en\/wp-json\/wp\/v2\/media?parent=258"}],"wp:term":[{"taxonomy":"product_cat","embeddable":true,"href":"https:\/\/actionmall.act.at\/shop\/2993\/en\/wp-json\/wp\/v2\/product_cat?post=258"},{"taxonomy":"product_tag","embeddable":true,"href":"https:\/\/actionmall.act.at\/shop\/2993\/en\/wp-json\/wp\/v2\/product_tag?post=258"}],"curies":[{"name":"wp","href":"https:\/\/api.w.org\/{rel}","templated":true}]}}