{"id":259,"date":"2026-04-16T08:00:05","date_gmt":"2026-04-16T06:00:05","guid":{"rendered":"https:\/\/actionmall.act.at\/shop\/2993\/?post_type=product&#038;p=259"},"modified":"2026-04-16T08:18:19","modified_gmt":"2026-04-16T06:18:19","slug":"stromvertrag-6-monate-oeko","status":"publish","type":"product","link":"https:\/\/actionmall.act.at\/shop\/2993\/en\/produkt\/stromvertrag-6-monate-oeko\/","title":{"rendered":"Stromvertrag 6 Monate \u00d6KO"},"content":{"rendered":"<p>Mit unserem 6-monatigen Stromvertrag versorgen wir Sie nicht nur mit Energie, sondern sch\u00fctzen auch die Umwelt!<\/p>\n<p>Der Traunstrom \u00d6KO-Stromvertrag &#8211; perfekt f\u00fcr alle Umweltbewussten!<\/p>\n<p>F\u00fcr nur netto 190,- monatlich!<\/p>\n","protected":false},"excerpt":{"rendered":"<p>Mit unserem 6-monatigen Stromvertrag versorgen wir Sie nicht nur mit Energie, sondern sch\u00fctzen auch die Umwelt! Der Traunstrom \u00d6KO-Stromvertrag &#8211; perfekt f\u00fcr alle Umweltbewussten! F\u00fcr nur netto 190,- monatlich!<\/p>\n","protected":false},"featured_media":274,"template":"","meta":[],"product_cat":[34],"product_tag":[],"class_list":{"0":"post-259","1":"product","2":"type-product","3":"status-publish","4":"has-post-thumbnail","6":"product_cat-autos-und-fahrzeuge","8":"first","9":"instock","10":"taxable","11":"shipping-taxable","12":"purchasable","13":"product-type-simple"},"_links":{"self":[{"href":"https:\/\/actionmall.act.at\/shop\/2993\/en\/wp-json\/wp\/v2\/product\/259"}],"collection":[{"href":"https:\/\/actionmall.act.at\/shop\/2993\/en\/wp-json\/wp\/v2\/product"}],"about":[{"href":"https:\/\/actionmall.act.at\/shop\/2993\/en\/wp-json\/wp\/v2\/types\/product"}],"wp:featuredmedia":[{"embeddable":true,"href":"https:\/\/actionmall.act.at\/shop\/2993\/en\/wp-json\/wp\/v2\/media\/274"}],"wp:attachment":[{"href":"https:\/\/actionmall.act.at\/shop\/2993\/en\/wp-json\/wp\/v2\/media?parent=259"}],"wp:term":[{"taxonomy":"product_cat","embeddable":true,"href":"https:\/\/actionmall.act.at\/shop\/2993\/en\/wp-json\/wp\/v2\/product_cat?post=259"},{"taxonomy":"product_tag","embeddable":true,"href":"https:\/\/actionmall.act.at\/shop\/2993\/en\/wp-json\/wp\/v2\/product_tag?post=259"}],"curies":[{"name":"wp","href":"https:\/\/api.w.org\/{rel}","templated":true}]}}