{"id":345,"date":"2026-03-16T10:30:52","date_gmt":"2026-03-16T09:30:52","guid":{"rendered":"https:\/\/actionmall.act.at\/shop\/3010\/?post_type=product&#038;p=345"},"modified":"2026-03-16T10:30:52","modified_gmt":"2026-03-16T09:30:52","slug":"suede-vanilla-car-air-freshener","status":"publish","type":"product","link":"https:\/\/actionmall.act.at\/shop\/3010\/en\/produkt\/suede-vanilla-car-air-freshener\/","title":{"rendered":"Suede Vanilla Car Air Freshener"},"content":{"rendered":"<p data-start=\"50\" data-end=\"104\"><strong>Suede Vanilla Car Freshener \u2013 Luxus f\u00fcr Ihr Auto <\/strong><\/p>\n<p data-start=\"50\" data-end=\"104\"><strong>Der Suede Vanilla Car Freshener von Alpha Solutions verleiht Ihrem Auto einen warmen, eleganten Duft aus Vanille und Suede. Einfach am L\u00fcftungsgitter befestigt, sorgt er f\u00fcr eine dezente, langanhaltende Frische und eine entspannte Atmosph\u00e4re auf jeder Fahrt.<\/strong><\/p>\n","protected":false},"excerpt":{"rendered":"<p>Suede Vanilla Car Freshener \u2013 Luxus f\u00fcr Ihr Auto Der Suede Vanilla Car Freshener von Alpha Solutions verleiht Ihrem Auto einen warmen, eleganten Duft aus Vanille und Suede. Einfach am L\u00fcftungsgitter befestigt, sorgt er f\u00fcr eine dezente, langanhaltende Frische und eine entspannte Atmosph\u00e4re auf jeder Fahrt.<\/p>\n","protected":false},"featured_media":350,"template":"","meta":[],"product_cat":[34],"product_tag":[],"class_list":{"0":"post-345","1":"product","2":"type-product","3":"status-publish","4":"has-post-thumbnail","6":"product_cat-autos-und-fahrzeuge","8":"first","9":"instock","10":"taxable","11":"shipping-taxable","12":"purchasable","13":"product-type-simple"},"_links":{"self":[{"href":"https:\/\/actionmall.act.at\/shop\/3010\/en\/wp-json\/wp\/v2\/product\/345"}],"collection":[{"href":"https:\/\/actionmall.act.at\/shop\/3010\/en\/wp-json\/wp\/v2\/product"}],"about":[{"href":"https:\/\/actionmall.act.at\/shop\/3010\/en\/wp-json\/wp\/v2\/types\/product"}],"wp:featuredmedia":[{"embeddable":true,"href":"https:\/\/actionmall.act.at\/shop\/3010\/en\/wp-json\/wp\/v2\/media\/350"}],"wp:attachment":[{"href":"https:\/\/actionmall.act.at\/shop\/3010\/en\/wp-json\/wp\/v2\/media?parent=345"}],"wp:term":[{"taxonomy":"product_cat","embeddable":true,"href":"https:\/\/actionmall.act.at\/shop\/3010\/en\/wp-json\/wp\/v2\/product_cat?post=345"},{"taxonomy":"product_tag","embeddable":true,"href":"https:\/\/actionmall.act.at\/shop\/3010\/en\/wp-json\/wp\/v2\/product_tag?post=345"}],"curies":[{"name":"wp","href":"https:\/\/api.w.org\/{rel}","templated":true}]}}