{"id":361,"date":"2026-05-08T08:14:38","date_gmt":"2026-05-08T06:14:38","guid":{"rendered":"https:\/\/actionmall.act.at\/shop\/3010\/?post_type=product&#038;p=361"},"modified":"2026-05-08T08:14:39","modified_gmt":"2026-05-08T06:14:39","slug":"apple-iphone-x","status":"publish","type":"product","link":"https:\/\/actionmall.act.at\/shop\/3010\/en\/produkt\/apple-iphone-x\/","title":{"rendered":"Apple iPhone x"},"content":{"rendered":"<p>Beim iPhone X ist das Highlight der endlose Bildschirm &#8211; das Ger\u00e4t istz sozusagen das Display. Dabei f\u00fcllt das neu entwickelte 5,8&#8243; gro\u00dfe Super Retina Display die gesamte Hand aus und l\u00e4sst zugleich die Augen nicht mehr los.<\/p>\n","protected":false},"excerpt":{"rendered":"<p>Beim iPhone X ist das Highlight der endlose Bildschirm &#8211; das Ger\u00e4t istz sozusagen das Display. Dabei f\u00fcllt das neu entwickelte 5,8&#8243; gro\u00dfe Super Retina Display die gesamte Hand aus und l\u00e4sst zugleich die Augen nicht mehr los.<\/p>\n","protected":false},"featured_media":362,"template":"","meta":[],"product_cat":[34],"product_tag":[],"class_list":{"0":"post-361","1":"product","2":"type-product","3":"status-publish","4":"has-post-thumbnail","6":"product_cat-autos-und-fahrzeuge","8":"first","9":"instock","10":"taxable","11":"shipping-taxable","12":"purchasable","13":"product-type-simple"},"_links":{"self":[{"href":"https:\/\/actionmall.act.at\/shop\/3010\/en\/wp-json\/wp\/v2\/product\/361"}],"collection":[{"href":"https:\/\/actionmall.act.at\/shop\/3010\/en\/wp-json\/wp\/v2\/product"}],"about":[{"href":"https:\/\/actionmall.act.at\/shop\/3010\/en\/wp-json\/wp\/v2\/types\/product"}],"wp:featuredmedia":[{"embeddable":true,"href":"https:\/\/actionmall.act.at\/shop\/3010\/en\/wp-json\/wp\/v2\/media\/362"}],"wp:attachment":[{"href":"https:\/\/actionmall.act.at\/shop\/3010\/en\/wp-json\/wp\/v2\/media?parent=361"}],"wp:term":[{"taxonomy":"product_cat","embeddable":true,"href":"https:\/\/actionmall.act.at\/shop\/3010\/en\/wp-json\/wp\/v2\/product_cat?post=361"},{"taxonomy":"product_tag","embeddable":true,"href":"https:\/\/actionmall.act.at\/shop\/3010\/en\/wp-json\/wp\/v2\/product_tag?post=361"}],"curies":[{"name":"wp","href":"https:\/\/api.w.org\/{rel}","templated":true}]}}