{"id":363,"date":"2026-05-08T08:19:27","date_gmt":"2026-05-08T06:19:27","guid":{"rendered":"https:\/\/actionmall.act.at\/shop\/3010\/?post_type=product&#038;p=363"},"modified":"2026-05-08T08:19:27","modified_gmt":"2026-05-08T06:19:27","slug":"apple-iphone-xs-max","status":"publish","type":"product","link":"https:\/\/actionmall.act.at\/shop\/3010\/en\/produkt\/apple-iphone-xs-max\/","title":{"rendered":"Apple iPhone XS Max"},"content":{"rendered":"<p>6,5&#8243; Super Retina Display &#8211; das bislang gr\u00f6\u00dfte iPone Display. Weiterentwickeltes Face ID. Der intelligenteste, leistungsst\u00e4rkste Smartphone Chip. Und ein revolution\u00e4res Dual-Kamerasystem. Das iPhone Xs Max ist alles, was du am iPhone liebst, und\u00a0 mehr.<\/p>\n","protected":false},"excerpt":{"rendered":"<p>6,5&#8243; Super Retina Display &#8211; das bislang gr\u00f6\u00dfte iPone Display. Weiterentwickeltes Face ID. Der intelligenteste, leistungsst\u00e4rkste Smartphone Chip. Und ein revolution\u00e4res Dual-Kamerasystem. Das iPhone Xs Max ist alles, was du am iPhone liebst, und\u00a0 mehr.<\/p>\n","protected":false},"featured_media":364,"template":"","meta":[],"product_cat":[34],"product_tag":[],"class_list":{"0":"post-363","1":"product","2":"type-product","3":"status-publish","4":"has-post-thumbnail","6":"product_cat-autos-und-fahrzeuge","8":"first","9":"instock","10":"taxable","11":"shipping-taxable","12":"purchasable","13":"product-type-simple"},"_links":{"self":[{"href":"https:\/\/actionmall.act.at\/shop\/3010\/en\/wp-json\/wp\/v2\/product\/363"}],"collection":[{"href":"https:\/\/actionmall.act.at\/shop\/3010\/en\/wp-json\/wp\/v2\/product"}],"about":[{"href":"https:\/\/actionmall.act.at\/shop\/3010\/en\/wp-json\/wp\/v2\/types\/product"}],"wp:featuredmedia":[{"embeddable":true,"href":"https:\/\/actionmall.act.at\/shop\/3010\/en\/wp-json\/wp\/v2\/media\/364"}],"wp:attachment":[{"href":"https:\/\/actionmall.act.at\/shop\/3010\/en\/wp-json\/wp\/v2\/media?parent=363"}],"wp:term":[{"taxonomy":"product_cat","embeddable":true,"href":"https:\/\/actionmall.act.at\/shop\/3010\/en\/wp-json\/wp\/v2\/product_cat?post=363"},{"taxonomy":"product_tag","embeddable":true,"href":"https:\/\/actionmall.act.at\/shop\/3010\/en\/wp-json\/wp\/v2\/product_tag?post=363"}],"curies":[{"name":"wp","href":"https:\/\/api.w.org\/{rel}","templated":true}]}}