{"id":386,"date":"2026-05-08T09:14:49","date_gmt":"2026-05-08T07:14:49","guid":{"rendered":"https:\/\/actionmall.act.at\/shop\/3010\/?post_type=product&#038;p=386"},"modified":"2026-05-08T09:31:21","modified_gmt":"2026-05-08T07:31:21","slug":"samsung-fernseher-40nu7190-2018","status":"publish","type":"product","link":"https:\/\/actionmall.act.at\/shop\/3010\/en\/produkt\/samsung-fernseher-40nu7190-2018\/","title":{"rendered":"SAMSUNG Fernseher 40NU7190 2018"},"content":{"rendered":"<p>Genie\u00dfen Sie pr\u00e4zise, klare Bilder mit 4K UHD TV und 4x mehr Pixeln als FHD TV. Jetzt k\u00f6nnen Sie selbst die kleinsten Details in jeder Szene sehen.<\/p>\n","protected":false},"excerpt":{"rendered":"<p>Genie\u00dfen Sie pr\u00e4zise, klare Bilder mit 4K UHD TV und 4x mehr Pixeln als FHD TV. Jetzt k\u00f6nnen Sie selbst die kleinsten Details in jeder Szene sehen.<\/p>\n","protected":false},"featured_media":387,"template":"","meta":[],"product_cat":[58],"product_tag":[],"class_list":{"0":"post-386","1":"product","2":"type-product","3":"status-publish","4":"has-post-thumbnail","6":"product_cat-it-und-elektronik","8":"first","9":"instock","10":"taxable","11":"shipping-taxable","12":"product-type-simple"},"_links":{"self":[{"href":"https:\/\/actionmall.act.at\/shop\/3010\/en\/wp-json\/wp\/v2\/product\/386"}],"collection":[{"href":"https:\/\/actionmall.act.at\/shop\/3010\/en\/wp-json\/wp\/v2\/product"}],"about":[{"href":"https:\/\/actionmall.act.at\/shop\/3010\/en\/wp-json\/wp\/v2\/types\/product"}],"wp:featuredmedia":[{"embeddable":true,"href":"https:\/\/actionmall.act.at\/shop\/3010\/en\/wp-json\/wp\/v2\/media\/387"}],"wp:attachment":[{"href":"https:\/\/actionmall.act.at\/shop\/3010\/en\/wp-json\/wp\/v2\/media?parent=386"}],"wp:term":[{"taxonomy":"product_cat","embeddable":true,"href":"https:\/\/actionmall.act.at\/shop\/3010\/en\/wp-json\/wp\/v2\/product_cat?post=386"},{"taxonomy":"product_tag","embeddable":true,"href":"https:\/\/actionmall.act.at\/shop\/3010\/en\/wp-json\/wp\/v2\/product_tag?post=386"}],"curies":[{"name":"wp","href":"https:\/\/api.w.org\/{rel}","templated":true}]}}