{"id":390,"date":"2026-05-08T09:19:27","date_gmt":"2026-05-08T07:19:27","guid":{"rendered":"https:\/\/actionmall.act.at\/shop\/3010\/?post_type=product&#038;p=390"},"modified":"2026-05-08T09:30:38","modified_gmt":"2026-05-08T07:30:38","slug":"philips-fernseher-43pfs5803-12","status":"publish","type":"product","link":"https:\/\/actionmall.act.at\/shop\/3010\/en\/produkt\/philips-fernseher-43pfs5803-12\/","title":{"rendered":"PHILIPS Fernseher 43PFS5803\/12"},"content":{"rendered":"<p>Phillips Pixel Plzus HD optimiert die Bildqualit\u00e4t f\u00fcr gestochen scharfe Bilder mit tollen Kontrasten. Egal ob sie Online-Inhalte streamen oder eine Disc ansehen, Sie erhalten immer sch\u00e4rfere Bilder mit dunkleren Schwarz- und helleren Wei\u00dft\u00f6nen.<\/p>\n","protected":false},"excerpt":{"rendered":"<p>Phillips Pixel Plzus HD optimiert die Bildqualit\u00e4t f\u00fcr gestochen scharfe Bilder mit tollen Kontrasten. Egal ob sie Online-Inhalte streamen oder eine Disc ansehen, Sie erhalten immer sch\u00e4rfere Bilder mit dunkleren Schwarz- und helleren Wei\u00dft\u00f6nen.<\/p>\n","protected":false},"featured_media":391,"template":"","meta":[],"product_cat":[58],"product_tag":[],"class_list":{"0":"post-390","1":"product","2":"type-product","3":"status-publish","4":"has-post-thumbnail","6":"product_cat-it-und-elektronik","8":"first","9":"instock","10":"taxable","11":"shipping-taxable","12":"purchasable","13":"product-type-simple"},"_links":{"self":[{"href":"https:\/\/actionmall.act.at\/shop\/3010\/en\/wp-json\/wp\/v2\/product\/390"}],"collection":[{"href":"https:\/\/actionmall.act.at\/shop\/3010\/en\/wp-json\/wp\/v2\/product"}],"about":[{"href":"https:\/\/actionmall.act.at\/shop\/3010\/en\/wp-json\/wp\/v2\/types\/product"}],"wp:featuredmedia":[{"embeddable":true,"href":"https:\/\/actionmall.act.at\/shop\/3010\/en\/wp-json\/wp\/v2\/media\/391"}],"wp:attachment":[{"href":"https:\/\/actionmall.act.at\/shop\/3010\/en\/wp-json\/wp\/v2\/media?parent=390"}],"wp:term":[{"taxonomy":"product_cat","embeddable":true,"href":"https:\/\/actionmall.act.at\/shop\/3010\/en\/wp-json\/wp\/v2\/product_cat?post=390"},{"taxonomy":"product_tag","embeddable":true,"href":"https:\/\/actionmall.act.at\/shop\/3010\/en\/wp-json\/wp\/v2\/product_tag?post=390"}],"curies":[{"name":"wp","href":"https:\/\/api.w.org\/{rel}","templated":true}]}}