{"id":394,"date":"2026-05-08T09:25:41","date_gmt":"2026-05-08T07:25:41","guid":{"rendered":"https:\/\/actionmall.act.at\/shop\/3010\/?post_type=product&#038;p=394"},"modified":"2026-05-08T09:29:52","modified_gmt":"2026-05-08T07:29:52","slug":"strong-fernseher-srt39hz4003n","status":"publish","type":"product","link":"https:\/\/actionmall.act.at\/shop\/3010\/en\/produkt\/strong-fernseher-srt39hz4003n\/","title":{"rendered":"STRONG Fernseher SRT39HZ4003N"},"content":{"rendered":"<p>Mit der STRONG Z400N TV-Serie ist es einfach Komfort und Luxus bveim Fernsehen zu verbinden. Sch\u00f6ne Bilder und lebensechte Kl\u00e4nge gepaart mit einem au\u00dfergew\u00f6nlichen Seherlebnis.<\/p>\n","protected":false},"excerpt":{"rendered":"<p>Mit der STRONG Z400N TV-Serie ist es einfach Komfort und Luxus bveim Fernsehen zu verbinden. Sch\u00f6ne Bilder und lebensechte Kl\u00e4nge gepaart mit einem au\u00dfergew\u00f6nlichen Seherlebnis.<\/p>\n","protected":false},"featured_media":395,"template":"","meta":[],"product_cat":[58],"product_tag":[],"class_list":{"0":"post-394","1":"product","2":"type-product","3":"status-publish","4":"has-post-thumbnail","6":"product_cat-it-und-elektronik","8":"first","9":"instock","10":"taxable","11":"shipping-taxable","12":"purchasable","13":"product-type-simple"},"_links":{"self":[{"href":"https:\/\/actionmall.act.at\/shop\/3010\/en\/wp-json\/wp\/v2\/product\/394"}],"collection":[{"href":"https:\/\/actionmall.act.at\/shop\/3010\/en\/wp-json\/wp\/v2\/product"}],"about":[{"href":"https:\/\/actionmall.act.at\/shop\/3010\/en\/wp-json\/wp\/v2\/types\/product"}],"wp:featuredmedia":[{"embeddable":true,"href":"https:\/\/actionmall.act.at\/shop\/3010\/en\/wp-json\/wp\/v2\/media\/395"}],"wp:attachment":[{"href":"https:\/\/actionmall.act.at\/shop\/3010\/en\/wp-json\/wp\/v2\/media?parent=394"}],"wp:term":[{"taxonomy":"product_cat","embeddable":true,"href":"https:\/\/actionmall.act.at\/shop\/3010\/en\/wp-json\/wp\/v2\/product_cat?post=394"},{"taxonomy":"product_tag","embeddable":true,"href":"https:\/\/actionmall.act.at\/shop\/3010\/en\/wp-json\/wp\/v2\/product_tag?post=394"}],"curies":[{"name":"wp","href":"https:\/\/api.w.org\/{rel}","templated":true}]}}