{"id":401,"date":"2026-05-08T10:34:55","date_gmt":"2026-05-08T08:34:55","guid":{"rendered":"https:\/\/actionmall.act.at\/shop\/3010\/?post_type=product&#038;p=401"},"modified":"2026-05-08T10:34:56","modified_gmt":"2026-05-08T08:34:56","slug":"ultima-40-surround-5-1-set","status":"publish","type":"product","link":"https:\/\/actionmall.act.at\/shop\/3010\/en\/produkt\/ultima-40-surround-5-1-set\/","title":{"rendered":"ULTIMA 40 Surround &#8220;5.1-Set&#8221;"},"content":{"rendered":"<p class=\"product-configurator__subline\">Legend\u00e4rer Sound rund gemacht<\/p>\n<ul class=\"product-configurator__highlights-list\">\n<li><span class=\"product-configurator__highlights-list__content\">Neue ULTIMA 40 (Mk4) im Surround-Set<\/span><\/li>\n<li><span class=\"product-configurator__highlights-list__content\">3-Wege-System mit zwei Tieft\u00f6nern<\/span><\/li>\n<li><span class=\"product-configurator__highlights-list__content\">F\u00fcr jeden AV-Receiver geeignet<\/span><\/li>\n<\/ul>\n","protected":false},"excerpt":{"rendered":"<p>Legend\u00e4rer Sound rund gemacht Neue ULTIMA 40 (Mk4) im Surround-Set 3-Wege-System mit zwei Tieft\u00f6nern F\u00fcr jeden AV-Receiver geeignet<\/p>\n","protected":false},"featured_media":402,"template":"","meta":[],"product_cat":[34],"product_tag":[],"class_list":{"0":"post-401","1":"product","2":"type-product","3":"status-publish","4":"has-post-thumbnail","6":"product_cat-autos-und-fahrzeuge","8":"first","9":"instock","10":"sale","11":"taxable","12":"shipping-taxable","13":"purchasable","14":"product-type-simple"},"_links":{"self":[{"href":"https:\/\/actionmall.act.at\/shop\/3010\/en\/wp-json\/wp\/v2\/product\/401"}],"collection":[{"href":"https:\/\/actionmall.act.at\/shop\/3010\/en\/wp-json\/wp\/v2\/product"}],"about":[{"href":"https:\/\/actionmall.act.at\/shop\/3010\/en\/wp-json\/wp\/v2\/types\/product"}],"wp:featuredmedia":[{"embeddable":true,"href":"https:\/\/actionmall.act.at\/shop\/3010\/en\/wp-json\/wp\/v2\/media\/402"}],"wp:attachment":[{"href":"https:\/\/actionmall.act.at\/shop\/3010\/en\/wp-json\/wp\/v2\/media?parent=401"}],"wp:term":[{"taxonomy":"product_cat","embeddable":true,"href":"https:\/\/actionmall.act.at\/shop\/3010\/en\/wp-json\/wp\/v2\/product_cat?post=401"},{"taxonomy":"product_tag","embeddable":true,"href":"https:\/\/actionmall.act.at\/shop\/3010\/en\/wp-json\/wp\/v2\/product_tag?post=401"}],"curies":[{"name":"wp","href":"https:\/\/api.w.org\/{rel}","templated":true}]}}