{"id":264,"date":"2026-01-21T08:28:27","date_gmt":"2026-01-21T07:28:27","guid":{"rendered":"https:\/\/actionmall.act.at\/shop\/3010\/?post_type=product&#038;p=264"},"modified":"2026-03-02T10:14:22","modified_gmt":"2026-03-02T09:14:22","slug":"innendekor-set-30-stk","status":"publish","type":"product","link":"https:\/\/actionmall.act.at\/shop\/3010\/produkt\/innendekor-set-30-stk\/","title":{"rendered":"Innendekor-Set 30 Stk."},"content":{"rendered":"<p><strong>Das Innendekor-Set von Alpha Solutions verleiht dem Fahrzeuginnenraum einen modernen und individiuellen Look. Die dekorativen Elemente sind in verschiedenen Farben erh\u00e4ltlich und setzen stilvolle Akzente im Auto &#8211; dezent, hochwertig und zeitlos. Das Set wurde speziell f\u00fcr den Einsatz im Innenraum entwickelt und f\u00fcgt sich harmonisch in unterschiedliche Fahrzeugtypen und Einrichtungsstile ein. Ob sportlich, elegant oder minimalistisch &#8211; mit diesem Innendekor &#8211; Set gestalten Sie Ihr Fahrzeug ganz nach Ihrem pers\u00f6nlichem Geschmack.<\/strong><\/p>\n","protected":false},"excerpt":{"rendered":"<p>Das Innendekor-Set von Alpha Solutions verleiht dem Fahrzeuginnenraum einen modernen und individiuellen Look. Die dekorativen Elemente sind in verschiedenen Farben erh\u00e4ltlich und setzen stilvolle Akzente im Auto &#8211; dezent, hochwertig und zeitlos. Das Set wurde speziell f\u00fcr den Einsatz im Innenraum entwickelt und f\u00fcgt sich harmonisch in unterschiedliche Fahrzeugtypen und Einrichtungsstile ein. Ob sportlich, elegant [&hellip;]<\/p>\n","protected":false},"featured_media":266,"template":"","meta":[],"product_cat":[34],"product_tag":[],"class_list":{"0":"post-264","1":"product","2":"type-product","3":"status-publish","4":"has-post-thumbnail","6":"product_cat-autos-und-fahrzeuge","8":"first","9":"instock","10":"taxable","11":"shipping-taxable","12":"purchasable","13":"product-type-simple"},"_links":{"self":[{"href":"https:\/\/actionmall.act.at\/shop\/3010\/wp-json\/wp\/v2\/product\/264"}],"collection":[{"href":"https:\/\/actionmall.act.at\/shop\/3010\/wp-json\/wp\/v2\/product"}],"about":[{"href":"https:\/\/actionmall.act.at\/shop\/3010\/wp-json\/wp\/v2\/types\/product"}],"wp:featuredmedia":[{"embeddable":true,"href":"https:\/\/actionmall.act.at\/shop\/3010\/wp-json\/wp\/v2\/media\/266"}],"wp:attachment":[{"href":"https:\/\/actionmall.act.at\/shop\/3010\/wp-json\/wp\/v2\/media?parent=264"}],"wp:term":[{"taxonomy":"product_cat","embeddable":true,"href":"https:\/\/actionmall.act.at\/shop\/3010\/wp-json\/wp\/v2\/product_cat?post=264"},{"taxonomy":"product_tag","embeddable":true,"href":"https:\/\/actionmall.act.at\/shop\/3010\/wp-json\/wp\/v2\/product_tag?post=264"}],"curies":[{"name":"wp","href":"https:\/\/api.w.org\/{rel}","templated":true}]}}