{"id":267,"date":"2026-01-21T09:41:11","date_gmt":"2026-01-21T08:41:11","guid":{"rendered":"https:\/\/actionmall.act.at\/shop\/3010\/?post_type=product&#038;p=267"},"modified":"2026-03-02T10:15:40","modified_gmt":"2026-03-02T09:15:40","slug":"personalisierter-autoduftbaum-selbstbedruckbar","status":"publish","type":"product","link":"https:\/\/actionmall.act.at\/shop\/3010\/produkt\/personalisierter-autoduftbaum-selbstbedruckbar\/","title":{"rendered":"Personalisierter Autoduftbaum &#8211; selbstbedruckbar rechteckig"},"content":{"rendered":"<p><strong>Der personalisierte Autoduftbaum von Alpha Solutions GmbH verbindet angenehmen Duft mit individuellem Design. Gestalten Sie Ihren Autoduft ganz nach Ihren W\u00fcnschen \u2013 ob mit Logo, Schriftzug, Foto oder einem pers\u00f6nlichen Motiv \u2013 und machen Sie ihn zu einem echten Blickfang im Fahrzeuginnenraum.<\/strong><\/p>\n<p><strong>Der Autoduftbaum sorgt f\u00fcr eine gleichm\u00e4\u00dfige und langanhaltende Duftabgabe und schafft eine frische, angenehme Atmosph\u00e4re im Auto. Dank der gro\u00dfen Auswahl an Duftnoten und Gestaltungsm\u00f6glichkeiten eignet er sich ideal f\u00fcr den privaten Gebrauch, als Geschenk oder als Werbemittel f\u00fcr Unternehmen.<\/strong><\/p>\n<p><strong>Hergestellt aus hochwertigen Materialien, \u00fcberzeugt der Duftbaum durch Qualit\u00e4t, Funktionalit\u00e4t und Individualit\u00e4t.<\/strong><\/p>\n<p><strong>\u00a0<\/strong><\/p>\n","protected":false},"excerpt":{"rendered":"<p>Der personalisierte Autoduftbaum von Alpha Solutions GmbH verbindet angenehmen Duft mit individuellem Design. Gestalten Sie Ihren Autoduft ganz nach Ihren W\u00fcnschen \u2013 ob mit Logo, Schriftzug, Foto oder einem pers\u00f6nlichen Motiv \u2013 und machen Sie ihn zu einem echten Blickfang im Fahrzeuginnenraum. Der Autoduftbaum sorgt f\u00fcr eine gleichm\u00e4\u00dfige und langanhaltende Duftabgabe und schafft eine frische, [&hellip;]<\/p>\n","protected":false},"featured_media":268,"template":"","meta":[],"product_cat":[34],"product_tag":[],"class_list":{"0":"post-267","1":"product","2":"type-product","3":"status-publish","4":"has-post-thumbnail","6":"product_cat-autos-und-fahrzeuge","8":"first","9":"instock","10":"taxable","11":"shipping-taxable","12":"purchasable","13":"product-type-simple"},"_links":{"self":[{"href":"https:\/\/actionmall.act.at\/shop\/3010\/wp-json\/wp\/v2\/product\/267"}],"collection":[{"href":"https:\/\/actionmall.act.at\/shop\/3010\/wp-json\/wp\/v2\/product"}],"about":[{"href":"https:\/\/actionmall.act.at\/shop\/3010\/wp-json\/wp\/v2\/types\/product"}],"wp:featuredmedia":[{"embeddable":true,"href":"https:\/\/actionmall.act.at\/shop\/3010\/wp-json\/wp\/v2\/media\/268"}],"wp:attachment":[{"href":"https:\/\/actionmall.act.at\/shop\/3010\/wp-json\/wp\/v2\/media?parent=267"}],"wp:term":[{"taxonomy":"product_cat","embeddable":true,"href":"https:\/\/actionmall.act.at\/shop\/3010\/wp-json\/wp\/v2\/product_cat?post=267"},{"taxonomy":"product_tag","embeddable":true,"href":"https:\/\/actionmall.act.at\/shop\/3010\/wp-json\/wp\/v2\/product_tag?post=267"}],"curies":[{"name":"wp","href":"https:\/\/api.w.org\/{rel}","templated":true}]}}