{"id":366,"date":"2026-05-08T08:22:28","date_gmt":"2026-05-08T06:22:28","guid":{"rendered":"https:\/\/actionmall.act.at\/shop\/3010\/?post_type=product&#038;p=366"},"modified":"2026-05-08T08:22:29","modified_gmt":"2026-05-08T06:22:29","slug":"samsung-galaxy-s9","status":"publish","type":"product","link":"https:\/\/actionmall.act.at\/shop\/3010\/produkt\/samsung-galaxy-s9\/","title":{"rendered":"Samsung Galaxy S9"},"content":{"rendered":"<p>Unsere Galaxy S9 Modelle beeindrucken mit innovativen Funktionen und faszinierenden Designs. Fachredaktionenn best\u00e4tigen regelm\u00e4\u00dfig unseren hohen Qualit\u00e4tsanspruch mit einem guten Abschneiden in unabh\u00e4ngigen Tests.<\/p>\n","protected":false},"excerpt":{"rendered":"<p>Unsere Galaxy S9 Modelle beeindrucken mit innovativen Funktionen und faszinierenden Designs. Fachredaktionenn best\u00e4tigen regelm\u00e4\u00dfig unseren hohen Qualit\u00e4tsanspruch mit einem guten Abschneiden in unabh\u00e4ngigen Tests.<\/p>\n","protected":false},"featured_media":367,"template":"","meta":[],"product_cat":[34],"product_tag":[],"class_list":{"0":"post-366","1":"product","2":"type-product","3":"status-publish","4":"has-post-thumbnail","6":"product_cat-autos-und-fahrzeuge","8":"first","9":"instock","10":"taxable","11":"shipping-taxable","12":"purchasable","13":"product-type-simple"},"_links":{"self":[{"href":"https:\/\/actionmall.act.at\/shop\/3010\/wp-json\/wp\/v2\/product\/366"}],"collection":[{"href":"https:\/\/actionmall.act.at\/shop\/3010\/wp-json\/wp\/v2\/product"}],"about":[{"href":"https:\/\/actionmall.act.at\/shop\/3010\/wp-json\/wp\/v2\/types\/product"}],"wp:featuredmedia":[{"embeddable":true,"href":"https:\/\/actionmall.act.at\/shop\/3010\/wp-json\/wp\/v2\/media\/367"}],"wp:attachment":[{"href":"https:\/\/actionmall.act.at\/shop\/3010\/wp-json\/wp\/v2\/media?parent=366"}],"wp:term":[{"taxonomy":"product_cat","embeddable":true,"href":"https:\/\/actionmall.act.at\/shop\/3010\/wp-json\/wp\/v2\/product_cat?post=366"},{"taxonomy":"product_tag","embeddable":true,"href":"https:\/\/actionmall.act.at\/shop\/3010\/wp-json\/wp\/v2\/product_tag?post=366"}],"curies":[{"name":"wp","href":"https:\/\/api.w.org\/{rel}","templated":true}]}}