{"id":377,"date":"2026-05-08T09:03:28","date_gmt":"2026-05-08T07:03:28","guid":{"rendered":"https:\/\/actionmall.act.at\/shop\/3010\/?post_type=product&#038;p=377"},"modified":"2026-05-08T09:03:28","modified_gmt":"2026-05-08T07:03:28","slug":"apple-macbook-pro-13-2018","status":"publish","type":"product","link":"https:\/\/actionmall.act.at\/shop\/3010\/produkt\/apple-macbook-pro-13-2018\/","title":{"rendered":"Apple MacBook Pro 13&#8243; (2018)"},"content":{"rendered":"<p>Das neue MacBook Pro kommt mit Quad-Core Intel Core Prozessoren, die bis zu doppelt so schnell arbeiten. Einem brillanten Retina Display mit noch mehr Farben und True Tone Technologie f\u00fcr lebensechtere Bildqualit\u00e4t. Und der vielseitigen Touch Bar, um noch produktiver zu sein. Es ist das leistungsst\u00e4rkste 13&#8243; Notebook von Apple.<\/p>\n","protected":false},"excerpt":{"rendered":"<p>Das neue MacBook Pro kommt mit Quad-Core Intel Core Prozessoren, die bis zu doppelt so schnell arbeiten. Einem brillanten Retina Display mit noch mehr Farben und True Tone Technologie f\u00fcr lebensechtere Bildqualit\u00e4t. Und der vielseitigen Touch Bar, um noch produktiver zu sein. Es ist das leistungsst\u00e4rkste 13&#8243; Notebook von Apple.<\/p>\n","protected":false},"featured_media":378,"template":"","meta":[],"product_cat":[34],"product_tag":[],"class_list":{"0":"post-377","1":"product","2":"type-product","3":"status-publish","4":"has-post-thumbnail","6":"product_cat-autos-und-fahrzeuge","8":"first","9":"instock","10":"taxable","11":"shipping-taxable","12":"purchasable","13":"product-type-simple"},"_links":{"self":[{"href":"https:\/\/actionmall.act.at\/shop\/3010\/wp-json\/wp\/v2\/product\/377"}],"collection":[{"href":"https:\/\/actionmall.act.at\/shop\/3010\/wp-json\/wp\/v2\/product"}],"about":[{"href":"https:\/\/actionmall.act.at\/shop\/3010\/wp-json\/wp\/v2\/types\/product"}],"wp:featuredmedia":[{"embeddable":true,"href":"https:\/\/actionmall.act.at\/shop\/3010\/wp-json\/wp\/v2\/media\/378"}],"wp:attachment":[{"href":"https:\/\/actionmall.act.at\/shop\/3010\/wp-json\/wp\/v2\/media?parent=377"}],"wp:term":[{"taxonomy":"product_cat","embeddable":true,"href":"https:\/\/actionmall.act.at\/shop\/3010\/wp-json\/wp\/v2\/product_cat?post=377"},{"taxonomy":"product_tag","embeddable":true,"href":"https:\/\/actionmall.act.at\/shop\/3010\/wp-json\/wp\/v2\/product_tag?post=377"}],"curies":[{"name":"wp","href":"https:\/\/api.w.org\/{rel}","templated":true}]}}