{"id":410,"date":"2026-05-08T10:44:33","date_gmt":"2026-05-08T08:44:33","guid":{"rendered":"https:\/\/actionmall.act.at\/shop\/3010\/?post_type=product&#038;p=410"},"modified":"2026-05-08T10:44:33","modified_gmt":"2026-05-08T08:44:33","slug":"the-box-pro-lounge-bundle-m-black","status":"publish","type":"product","link":"https:\/\/actionmall.act.at\/shop\/3010\/produkt\/the-box-pro-lounge-bundle-m-black\/","title":{"rendered":"the box pro Lounge Bundle M black"},"content":{"rendered":"<ul class=\"fx-list product-text__list\">\n<li class=\"fx-list__item list-item fx-list__item--circle\"><span class=\"fx-text fx-text--plus list-item__text\">kompaktes Beschallungssystem f\u00fcr Installationen<\/span><\/li>\n<li class=\"fx-list__item list-item fx-list__item--circle\"><span class=\"fx-text fx-text--plus list-item__text\">ideal f\u00fcr moderate Musik-\/Hintergrundbeschallungen in Lounges, Caf\u00e9s, Bistros, Restaurants, Shops, Hotellobbys, etc. in R\u00e4umen von bis zu ca. 80 m\u00b2<\/span><\/li>\n<li class=\"fx-list__item list-item fx-list__item--circle\"><span class=\"fx-text fx-text--plus list-item__text\">ausgewogener Klang durch aktiven 8&#8243; Subwoofer<\/span><\/li>\n<li class=\"fx-list__item list-item fx-list__item--circle\"><span class=\"fx-text fx-text--plus list-item__text\">verst\u00e4rkte Ausg\u00e4nge f\u00fcr Satelliten im Sub<\/span><\/li>\n<\/ul>\n","protected":false},"excerpt":{"rendered":"<p>kompaktes Beschallungssystem f\u00fcr Installationen ideal f\u00fcr moderate Musik-\/Hintergrundbeschallungen in Lounges, Caf\u00e9s, Bistros, Restaurants, Shops, Hotellobbys, etc. in R\u00e4umen von bis zu ca. 80 m\u00b2 ausgewogener Klang durch aktiven 8&#8243; Subwoofer verst\u00e4rkte Ausg\u00e4nge f\u00fcr Satelliten im Sub<\/p>\n","protected":false},"featured_media":411,"template":"","meta":[],"product_cat":[34],"product_tag":[],"class_list":{"0":"post-410","1":"product","2":"type-product","3":"status-publish","4":"has-post-thumbnail","6":"product_cat-autos-und-fahrzeuge","8":"first","9":"instock","10":"taxable","11":"shipping-taxable","12":"purchasable","13":"product-type-simple"},"_links":{"self":[{"href":"https:\/\/actionmall.act.at\/shop\/3010\/wp-json\/wp\/v2\/product\/410"}],"collection":[{"href":"https:\/\/actionmall.act.at\/shop\/3010\/wp-json\/wp\/v2\/product"}],"about":[{"href":"https:\/\/actionmall.act.at\/shop\/3010\/wp-json\/wp\/v2\/types\/product"}],"wp:featuredmedia":[{"embeddable":true,"href":"https:\/\/actionmall.act.at\/shop\/3010\/wp-json\/wp\/v2\/media\/411"}],"wp:attachment":[{"href":"https:\/\/actionmall.act.at\/shop\/3010\/wp-json\/wp\/v2\/media?parent=410"}],"wp:term":[{"taxonomy":"product_cat","embeddable":true,"href":"https:\/\/actionmall.act.at\/shop\/3010\/wp-json\/wp\/v2\/product_cat?post=410"},{"taxonomy":"product_tag","embeddable":true,"href":"https:\/\/actionmall.act.at\/shop\/3010\/wp-json\/wp\/v2\/product_tag?post=410"}],"curies":[{"name":"wp","href":"https:\/\/api.w.org\/{rel}","templated":true}]}}