{"id":412,"date":"2026-05-08T10:45:54","date_gmt":"2026-05-08T08:45:54","guid":{"rendered":"https:\/\/actionmall.act.at\/shop\/3010\/?post_type=product&#038;p=412"},"modified":"2026-05-08T10:45:54","modified_gmt":"2026-05-08T08:45:54","slug":"bowers-wilkins-702-s3-signature","status":"publish","type":"product","link":"https:\/\/actionmall.act.at\/shop\/3010\/produkt\/bowers-wilkins-702-s3-signature\/","title":{"rendered":"Bowers &#038; Wilkins 702 S3 Signature"},"content":{"rendered":"<p>Der Bowers &#038; Wilkins 702 S3 Signature ist ein leistungsstarker Drei-Wege-Standlautsprecher, der auf den Spezifikationen des Bowers &#038; Wilkins 702 S3, dem Flaggschiffmodell der 700er-Serie, aufbaut. Dieser Lautsprecher kombiniert hervorragende Klangqualit\u00e4t mit einem sch\u00f6nen Design und ist ideal f\u00fcr Musikliebhaber und Heimkino-Enthusiasten gleicherma\u00dfen.<\/p>\n","protected":false},"excerpt":{"rendered":"<p>Der Bowers &#038; Wilkins 702 S3 Signature ist ein leistungsstarker Drei-Wege-Standlautsprecher, der auf den Spezifikationen des Bowers &#038; Wilkins 702 S3, dem Flaggschiffmodell der 700er-Serie, aufbaut. Dieser Lautsprecher kombiniert hervorragende Klangqualit\u00e4t mit einem sch\u00f6nen Design und ist ideal f\u00fcr Musikliebhaber und Heimkino-Enthusiasten gleicherma\u00dfen.<\/p>\n","protected":false},"featured_media":413,"template":"","meta":[],"product_cat":[34],"product_tag":[],"class_list":{"0":"post-412","1":"product","2":"type-product","3":"status-publish","4":"has-post-thumbnail","6":"product_cat-autos-und-fahrzeuge","8":"first","9":"instock","10":"sale","11":"taxable","12":"shipping-taxable","13":"purchasable","14":"product-type-simple"},"_links":{"self":[{"href":"https:\/\/actionmall.act.at\/shop\/3010\/wp-json\/wp\/v2\/product\/412"}],"collection":[{"href":"https:\/\/actionmall.act.at\/shop\/3010\/wp-json\/wp\/v2\/product"}],"about":[{"href":"https:\/\/actionmall.act.at\/shop\/3010\/wp-json\/wp\/v2\/types\/product"}],"wp:featuredmedia":[{"embeddable":true,"href":"https:\/\/actionmall.act.at\/shop\/3010\/wp-json\/wp\/v2\/media\/413"}],"wp:attachment":[{"href":"https:\/\/actionmall.act.at\/shop\/3010\/wp-json\/wp\/v2\/media?parent=412"}],"wp:term":[{"taxonomy":"product_cat","embeddable":true,"href":"https:\/\/actionmall.act.at\/shop\/3010\/wp-json\/wp\/v2\/product_cat?post=412"},{"taxonomy":"product_tag","embeddable":true,"href":"https:\/\/actionmall.act.at\/shop\/3010\/wp-json\/wp\/v2\/product_tag?post=412"}],"curies":[{"name":"wp","href":"https:\/\/api.w.org\/{rel}","templated":true}]}}